{"id":67,"date":"2014-02-06T11:53:38","date_gmt":"2014-02-06T10:53:38","guid":{"rendered":"http:\/\/www.unsere-kurve.de\/blog\/?page_id=67"},"modified":"2021-11-12T16:41:42","modified_gmt":"2021-11-12T15:41:42","slug":"positionen","status":"publish","type":"page","link":"https:\/\/www.unserekurve.de\/blog\/positionen\/","title":{"rendered":"Positionen"},"content":{"rendered":"<section class=\"l-section wpb_row height_small\"><div class=\"l-section-h i-cf\"><div class=\"g-cols vc_row via_flex valign_top type_default stacking_default\"><div class=\"vc_col-sm-6 wpb_column vc_column_container\"><div class=\"vc_column-inner\"><div class=\"wpb_wrapper\"><div class=\"w-ibanner us_custom_8973be0c has_text_color animation_aphelia ratio_1x1 easing_ease\"><a href=\"https:\/\/www.unserekurve.de\/blog\/positionen\/die-50-1-regel\/\" aria-label=\"50+1\"><\/a><div class=\"w-ibanner-h\"><div class=\"w-ibanner-image\" style=\"background-image: url(https:\/\/www.unserekurve.de\/blog\/wp-content\/uploads\/50plus1-protest-zettel.png)\"><\/div><div class=\"w-ibanner-content\"><div class=\"w-ibanner-content-h\"><h2 class=\"w-ibanner-title\" style=\"font-size:48px;\">50+1<\/h2><div class=\"w-ibanner-desc\"><p>Erfahre mehr \u00fcber unsere Position zu diesem Thema!<\/p>\n<\/div><\/div><\/div><\/div><\/div><\/div><\/div><\/div><div class=\"vc_col-sm-6 wpb_column vc_column_container\"><div class=\"vc_column-inner\"><div class=\"wpb_wrapper\"><div class=\"w-ibanner us_custom_8973be0c has_text_color animation_aphelia ratio_1x1 easing_ease\"><a title=\"TV-Gelder: Chance vertan. Erneut Glaubw\u00fcrdigkeit f\u00fcr Reformwillen verspielt.\" href=\"https:\/\/www.unserekurve.de\/blog\/tv-gelder-chance-vertan-erneut-glaubwuerdigkeit-fuer-reformwillen-verspielt\/\" aria-label=\"TV-Gelder\"><\/a><div class=\"w-ibanner-h\"><div class=\"w-ibanner-image\" style=\"background-image: url(https:\/\/www.unserekurve.de\/blog\/wp-content\/uploads\/dfl-fahnen-auf-rasen.jpg)\"><\/div><div class=\"w-ibanner-content\"><div class=\"w-ibanner-content-h\"><h2 class=\"w-ibanner-title\" style=\"font-size:48px;\">TV-Gelder<\/h2><div class=\"w-ibanner-desc\"><p>Erfahre mehr \u00fcber unsere Position zu diesem Thema!<\/p>\n<\/div><\/div><\/div><\/div><\/div><\/div><\/div><\/div><\/div><\/div><\/section><section class=\"l-section wpb_row height_small\"><div class=\"l-section-h i-cf\"><div class=\"g-cols vc_row via_flex valign_top type_default stacking_default\"><div class=\"vc_col-sm-6 wpb_column vc_column_container\"><div class=\"vc_column-inner\"><div class=\"wpb_wrapper\"><div class=\"w-ibanner us_custom_8973be0c has_text_color animation_aphelia ratio_1x1 easing_ease\"><a title=\"Der 3-Stufen-Plan\" href=\"https:\/\/www.unserekurve.de\/blog\/positionen\/der-3-stufen-plan\/\" aria-label=\"3-Stufen-Plan\"><\/a><div class=\"w-ibanner-h\"><div class=\"w-ibanner-image\" style=\"background-image: url(https:\/\/www.unserekurve.de\/blog\/wp-content\/uploads\/Box-3-Stufen-Plan.jpeg)\"><\/div><div class=\"w-ibanner-content\"><div class=\"w-ibanner-content-h\"><h2 class=\"w-ibanner-title\" style=\"font-size:48px;\">3-Stufen-Plan<\/h2><div class=\"w-ibanner-desc\"><p>Erfahre mehr \u00fcber unsere Position zu diesem Thema!<\/p>\n<\/div><\/div><\/div><\/div><\/div><\/div><\/div><\/div><\/div><\/div><\/section><section class=\"l-section wpb_row height_small\"><div class=\"l-section-h i-cf\"><div class=\"g-cols vc_row via_flex valign_top type_default stacking_default\"><div class=\"vc_col-sm-12 wpb_column vc_column_container\"><div class=\"vc_column-inner\"><div class=\"wpb_wrapper\"><div class=\"wpb_text_column\"><div class=\"wpb_wrapper\"><h2>Vision und Umsetzung<\/h2>\n<p><strong>Unser perfekter Spieltag &#8211; Und was es zu tun gibt<\/strong><\/p>\n<p>Es ist Heimspiel. Du triffst<\/p>\n<p>dich fr\u00fch mit anderen Fans. Es geht zum Stadion. Zuerst mit deiner Clique. Dann werden es immer mehr. Bekannte und Unbekannte. Alle durch den Fu\u00dfball und die gemeinsame Liebe zum Verein geeint.<\/p>\n<p>Vorfreude auf das Spiel. Das Gef\u00fchl ein Teil des Ganzen zu sein und seinen Beitrag dazu zu leisten, mischt sich mit sportlichen Gedanken: Bleiben die Punkte zu Hause? Diskussionen \u00fcber lang vergangene Spiele, Fu\u00dfballweisheiten und die aktuelle Situation branden auf.<\/p>\n<p>An der Kasse gibt es noch Karten ohne gro\u00dfartige Aufschl\u00e4ge. Jeder kann sich den Eintritt leisten. Dauerkarteninhaber*innen neben Fu\u00dfballneulingen \u2013 sitzen oder stehen, ob mit oder ohne Handicap, egal, welches Geschlecht.<\/p>\n<p>Gut geschultes, freundliches Ordnungspersonal empf\u00e4ngt dich am Eingang. Die Ordner*innen wissen um die Bedeutung von Fanutensilien und winken diese problemlos durch. Jede*r ist frei, seine Fahnen, Doppelhalter, Banner, Trommeln und andere Materialien zur Unterst\u00fctzung des Vereins mit hinein zu nehmen.<\/p>\n<p>Im Stadion angekommen brandet das wohl bekannte Gef\u00fchl auf angekommen zu sein. An deinem Platz die bekannten Gesichter \u2013 auf den Sieg, Leute.<\/p>\n<p>Problemlos und zu angemessenen Preisen ist es m\u00f6glich sich mit den gew\u00fcnschten Dingen einzudecken: Ein k\u00fchles Bier oder einen hei\u00dfen Tee, etwas zu Essen und das frisch gedruckte Fanzine, das an einem Stand angeboten wird. Man bewegt sich frei durch das Stadion und kann so auch mal bei Freund*innen vorbeischauen, die an anderen Orten im Stadion stehen.<\/p>\n<p>Der G\u00e4steblock ist gut gef\u00fcllt. Sehr sch\u00f6n \u2013 mal sehen, ob die mithalten k\u00f6nnen. Dank des fanfreundlichen Samstags und einer langfristigen Terminierung haben sich viele G\u00e4stefans auf den Weg gemacht \u2013 spontan Entschlossenen stand eine Tageskasse zur Verf\u00fcgung. Genau so wie den Heimfans, stand es ihnen frei so anzureisen, wie sie wollten: Egal ob mit anschlie\u00dfendem Aufenthalt in der Stadt oder unmittelbarer Abreise nach dem Spiel.<\/p>\n<p>Egal, wie erfolgreich ihre Mannschaft ist, die Eintrittspreise bleiben gleich und sind erschwinglich. Sie werden als G\u00e4ste willkommen gehei\u00dfen, auch wenn sie w\u00e4hrend der 90 Minuten sportlich Gegner sind: Die Zaunfahnen zeigen, dass alle Gruppen, die zu erwarten waren, auch angekommen sind \u2013 alle Fans werden als wichtiger Teil des Spiels und nicht als Sicherheitsrisiko wahrgenommen.<\/p>\n<p>Die Aufregung und Vorfreude steigt. Die Mannschaften laufen ein \u2013 die von den Fans und Mitgliedern beschlossene Hymne erklingt. Schon mit dem Ende werden tausende Stimmen zu einer und feuern lautstark ihre Mannschaft an. Fahnen wehen, Ges\u00e4nge hallen durch das Stadion, f\u00fcr 90 Minuten verliert alles andere an Bedeutung, nur das Spiel z\u00e4hlt.<\/p>\n<p><em><u>Der perfekte Spieltag geht nur mit perfekten Rahmenbedingungen. Diese w\u00fcrden f\u00fcr uns so aussehen:<\/u><\/em><\/p>\n<p>Alle Vereine und die Verb\u00e4nde sind am Spieltag und au\u00dferhalb des Spieltags f\u00fcr Fananliegen offen. Fankultur wird als elementarer Teil des Fu\u00dfball betrachtet.<\/p>\n<p>Fanvertreter*innen und Vereinsvertreter*innen treffen sich regelm\u00e4\u00dfig. Es gibt verschiedene, gemeinsam erarbeitete und regelm\u00e4\u00dfige Foren, um die teils sehr kontr\u00e4ren Bed\u00fcrfnisse auszudiskutieren und nach angemessenen L\u00f6sungen zu suchen. Unterschiede k\u00f6nnen ausgehalten werden. Gemeinsamkeiten halten uns zusammen.<\/p>\n<p>Das Verst\u00e4ndnis f\u00fcreinander ist durch gemeinsame Aktionen gewachsen. Zum Beispiel durch ein \u00fcbergreifend erarbeitetes Leitbild des Vereins, das vergangene Vereinsfest oder eine starke Positionierung f\u00fcr 50+1 war. \u00dcber die Zeit wurde eine vertrauensvolle und tragf\u00e4hige Beziehung unter den Akteur*innen gestaltet.<\/p>\n<p>Faninteressen werden nicht nur lokal, sondern auch bundesweit verbindlich ber\u00fccksichtigt: Gest\u00e4rkt durch die eigenen Vereine werden aktive Fans geh\u00f6rt und kommunikativ eingebunden. Fankultur wird nicht als Randthema, sondern als zentraler Aspekt des deutschen Fu\u00dfballs ber\u00fccksichtigt. Mitgestaltungsm\u00f6glichkeiten sind garantiert und Informationen werden schnell und unkompliziert \u00fcbermittelt.<\/p>\n<p>Die Zukunft des Fu\u00dfballs wird nicht hinter verschlossenen T\u00fcren, sondern offen und transparent zwischen allen Akteur*innen verhandelt.<\/p>\n<p><em><u>Die Realit\u00e4t sieht anders aus. Es gibt noch viel zu tun!<\/u><\/em><\/p>\n<p>Seit Jahren sehen wir die Fankultur von mehreren Seiten angegriffen und stark gef\u00e4hrdet.<\/p>\n<p>Verb\u00e4nde und zum Teil auch Vereine haben sich mehr und mehr von der Basis der Fans im Stadion und den Mitgliedern entfernt.<\/p>\n<p>Stetig zunehmende Kommerzialisierung und Repressionen erschweren das Ausleben der Fankultur zusehends.<\/p>\n<p>Statt der Meinung der Fans, z\u00e4hlen oftmals die Forderungen von Investoren oder einzelnen Funktion\u00e4ren bei gro\u00dfen und kleinen Entscheidungen.<\/p>\n<p>Auch die Vorgaben der Verb\u00e4nde und Beh\u00f6rden, die Fanrechte mehr und mehr einschr\u00e4nken, verhindern \u2013 z. B. durch Einschr\u00e4nkungen der freien Anreise bei Ausw\u00e4rtsspielen \u2013 die freie Entfaltung der Fanszenen.<\/p>\n<p>Repressionen von Verb\u00e4nden, Beh\u00f6rden und den Vereinen selbst begleiten uns seit Jahren und versch\u00e4rfen die bestehenden Konflikte.<\/p>\n<p>Der Fu\u00dfball verkommt mehr und mehr zu einer kapitalistischen Ware: Die Vermarktung dieser Ware steht in den meisten F\u00e4llen nach wie vor \u00fcber den Interessen der Fu\u00dfballfans in den Stadien.<\/p>\n<p>So gibt es z. B. in der 2. und 3. Liga vier verschiedene Ansto\u00dfzeiten, in der 1. Liga sogar bis zu sechs. Dazu kommen noch englische Wochen, Spiele in den unterschiedlichsten europ\u00e4ischen Wettbewerben, sowie Pokalspiele und Relegationsspiele. Es vergeht kaum ein Tag, an dem nicht ein Spiel stattfindet. Stadionbesuche, besonders bei Ausw\u00e4rtsspielen, werden durch die schwierige Planbarkeit zus\u00e4tzlich erschwert.<\/p>\n<h2><u>Fu\u00dfball findet im Stadion statt!<\/u><\/h2>\n<p>Ein Fu\u00dfballspiel darf nicht nur auf die W\u00fcnsche der Fernsehzuschauer*innen zugeschnitten sein. Was w\u00e4re ein Fu\u00dfballspiel ohne die gelebte Fankultur, ohne Emotionen, ohne Jubel, Ges\u00e4nge, Fahnen und Choreographien?<\/p>\n<p>Als Unsere Kurve stehen wir f\u00fcr den Erhalt von Fankultur \u2013 immer orientiert an unseren Idealen, aber auch bereit, positive Ver\u00e4nderungen Schritt f\u00fcr Schritt zu erreichen.<\/p>\n<p>Deshalb stellt sich \u201eUnsere Kurve\u201c mit ihren angeschlossenen Fanorganisationen gegen diese Entwicklungen und versuchen im Kleinen in ihren eigenen Vereinen, aber auch in gr\u00f6\u00dferen Kontexten im Dialog mit den Verb\u00e4nden die Sicht der Fu\u00dfballfans und ihre W\u00fcnsche und Bed\u00fcrfnisse zu vertreten.<\/p>\n<p>So gab es in der letzten Zeit auch Entwicklungen, die uns positiv stimmen. Sehr viele Vertreter des Profifu\u00dfballs haben sich f\u00fcr die Erhaltung der 50+1 Regel ausgesprochen, die Montagsspiele in der 1. Liga und wahrscheinlich auch in der 2. Liga werden wieder abgeschafft, eine neue Regionalligareform macht vielleicht einen ersten Schritt zu einer wirklichen Aufstiegsregelung.<\/p>\n<p>Diesen Positivtrend wollen wir weiter unterst\u00fctzen. Wir setzen uns deshalb besonders f\u00fcr fanfreundliche Ansto\u00dfzeiten, bezahlbare Eintrittskarten, die Freigabe von Fanutensilien und die St\u00e4rkung von Fan-Beteiligung ein.<\/p>\n<p>Spieltagsansetzungen des DFB und der DFL m\u00fcssen fr\u00fcher feststehen, W\u00fcnsche der Vereine \u2013 in denen sich Anliegen der lokalen Fanszenen wiederfinden k\u00f6nnen \u2013 m\u00fcssen besser ber\u00fccksichtigt werden. Wir stehen f\u00fcr Fu\u00dfballspiele am Wochenende, damit Fans die M\u00f6glichkeit haben ihre Mannschaft auch ausw\u00e4rts zu begleiten. In den Profiligen sollte der Samstag der Regelspieltag sein, denn der Sonntag geh\u00f6rt den Amateuren.<\/p>\n<p>Die 50+1 Regel ist die zu bewahrende Basis f\u00fcr einen Fu\u00dfball f\u00fcr Alle und f\u00fcr M\u00f6glichkeiten der Mitbestimmung und muss fortgeschrieben werden.<\/p>\n<p>Fans m\u00fcssen als Teil des Fu\u00dfballs und nicht als Sicherheitsrisiko wahrgenommen werden. Neben dem Fu\u00dfballspiel bietet das Stadion auch einen Begegnungsraum, der von unterschiedlichsten Fans gepr\u00e4gt wird und in dem Raum f\u00fcr alle sein muss, die den Fu\u00dfball lieben \u2013 deswegen stehen wir selbstverst\u00e4ndlich gemeinsam gegen Rassismus und Diskriminierung ein.<\/p>\n<p><strong><em>Egal, ob Steh- oder Sitzplatz, ob Fanclub oder Ultragruppe, ob aktiver Fan oder Gelegenheitsbesuchende. Wir arbeiten mit allen zusammen, die hierf\u00fcr einstehen und unsere Werte teilen. Denn nur gemeinsam \u2013 also in Zusammenarbeit mit allen, die f\u00fcr einen Fu\u00dfball im Sinne der Fans stehen \u2013 k\u00f6nnen wir den Erhalt dieser einzigartigen Fankultur erreichen.\u00a0 <\/em><\/strong><\/p>\n<h2>Fu\u00dfball als Kulturgut<\/h2>\n<p>Fu\u00dfball ist f\u00fcr uns ein Kulturgut. Es gilt, dieses Kulturgut zu bewahren. Wir stellen uns deutlich gegen einen Ausverkauf des Fu\u00dfballs. Fans und Vereine sind das Herzst\u00fcck des Fu\u00dfballs und m\u00fcssen es bleiben! Deshalb stehen wir u. a. f\u00fcr<\/p>\n<ul>\n<li>die St\u00e4rkung von Mitbestimmungsrechten von Fans und Mitgliedern.<\/li>\n<li>den Erhalt und Ausbau der 50+1-Regel.<\/li>\n<li>Transparenz \u00fcber Abstimmungen in Vereinen und Verb\u00e4nden.<\/li>\n<li>eine gelungene Umsetzung von financial fair play in den deutschen Ligen.<\/li>\n<li>Chancengleichheit im Wettbewerb, notwendige Reglementierungen und eine gerechtere Verteilung von Fernsehgeldern.<\/li>\n<li>eine Reglementierung des Transfermarkts, z. B. durch die Einf\u00fchrung von Gehaltsobergrenzen.<\/li>\n<li>gemeinsame Aushandlungen des Spannungsfelds Fu\u00dfball und Fankultur: Individuelle Interessen, Gruppen- und Mehrheitsinteressen m\u00fcssen im Dialog aller gemeinsam ausgehandelt werden. Fan-Interessenvertretungen darf nicht mit dem Scheinargument der \u201cschweigenden Masse\u201d begegnet werden, organisierte Fans vertreten legitimierte Meinungen.<\/li>\n<li>die Etablierung und stetige Fortentwicklung tragf\u00e4higer und nachhaltiger lokaler und bundesweiter Dialoge zwischen Fans, Vereinen und Verb\u00e4nden.<\/li>\n<li>die Pr\u00e4misse, Miteinander statt \u00fcbereinander zu reden und durch Perspektivwechsel zu einem besseren Verst\u00e4ndnis f\u00fcreinander beizutragen.<\/li>\n<li>einen Fu\u00dfball, der sich am Stadionerlebnis sowie Stadionbesucher*innen orientiert und ausrichtet. Ma\u00dfnahmen wie den VAR sehen wir deshalb \u00e4u\u00dferst kritisch.<\/li>\n<li>einen Fu\u00dfball, der die Bedeutung von Fans niemals von ihrer Kaufkraft abh\u00e4ngig macht.<\/li>\n<li>die fl\u00e4chendeckende Freigabe von Fanutensilien gem\u00e4\u00df der Anlage 9 der Sicherheitsrichtlinien des DFB<em> (Verlinkung)<\/em> in allen Ligen (und gerne dar\u00fcber hinaus).<\/li>\n<\/ul>\n<h2>Rechte von Fu\u00dfballfans<\/h2>\n<p>Die Rechte von Fu\u00dfballfans m\u00fcssen gest\u00e4rkt werden. Denn dies bildet die Grundlage f\u00fcr Fankultur, wie wir sie lieben. Die Rechte von Fu\u00dfballfans werden regelm\u00e4\u00dfig angegriffen, teils ausgeh\u00f6hlt. Wir wollen das \u00e4ndern und stehen u. a. f\u00fcr:<\/p>\n<ul>\n<li>einen \u00fcbergreifenden Paradigmenwechsel: Pr\u00e4vention und Kommunikation m\u00fcssen immer an erster Stelle stehen, nie Repression.<\/li>\n<li>eine positive Wahrnehmung von Fankultur. Fans sind kein Sicherheitsproblem! Hier sind auch Medien aufgefordert, Fankultur in all ihren Facetten abzubilden und den positiven Aspekte mindestens gleicherma\u00dfen Beachtung wie vermeintlichen Eklats zu schenken.<\/li>\n<li>die Wahrung von Grundrechten f\u00fcr alle Menschen und damit auch f\u00fcr Fu\u00dfballfans. Fu\u00dfballfans m\u00fcssen Grundrechte wie Meinungsfreiheit und Reisefreiheit genauso wie allen anderen Menschen garantiert werden. Kollektivstrafen sind mit Rechtsstaatlichkeit nicht vereinbar, ebenso wenig wie Betretungsverbote im Gie\u00dfkannenprinzip oder die Speicherung von Fu\u00dfballfans in intransparenten Dateien ohne Information, Rechtsbehelfsbelehrung und angemessenen L\u00f6schungsfristen.<\/li>\n<li>eine klare Trennung von Strafen und sog. pr\u00e4ventiven Ma\u00dfnahmen: Stadionverbote sind nach den Richtlinien keine Strafe und d\u00fcrfen deshalb auch nicht so angewendet werden.<\/li>\n<li>eine Reform der Sportgerichtsbarkeit im Bereich Zuschauer*innen.<\/li>\n<li>die Weiterentwicklung und St\u00e4rkung professioneller Fanarbeit zur Unterst\u00fctzung positiver Fankultur, Fans in (von au\u00dfen herbei gef\u00fchrten) Krisensituationen und die Pr\u00fcfung von M\u00f6glichkeiten der Rechtsberatung.<\/li>\n<li>die Anerkennung aller Stilmittel von Fankultur. Hierzu geh\u00f6rt auch Pyrotechnik. Verhandlungen \u00fcber M\u00f6glichkeiten der Legalisierung von Pyrotechnik m\u00fcssen wieder aufgenommen werden.<\/li>\n<\/ul>\n<h2>Fu\u00dfball &amp; Gesellschaft<\/h2>\n<p>Fu\u00dfball ist ist f\u00fcr uns ein Teil der Gesellschaft. Das bedeutet: Der Fu\u00dfball kann und darf sich seiner gesellschaftlichen Verantwortung nicht entziehen. Deshalb setzen wir uns f\u00fcr die \u00dcbernahme gesellschaftlicher und sozialer Verantwortung ein. Wir stehen u. a. f\u00fcr:<\/p>\n<ul>\n<li>Fu\u00dfball als Begegnungsort aller Menschen.<\/li>\n<li>ein respektvolles und faires Miteinander im und um den Fu\u00dfball.<\/li>\n<li>freie Meinungs\u00e4u\u00dferung und kritische Auseinandersetzungen mit und um den Fu\u00dfball.<\/li>\n<li>f\u00fcr sozialvertr\u00e4gliche Eintrittspreise in allen Segmenten.<\/li>\n<li>nachhaltige und langfristige Strategien gegen Diskriminierung und Ausgrenzung &#8211; Fu\u00dfball ist f\u00fcr alle da!.<\/li>\n<li>Barrierefreiheit f\u00fcr alle Zuschauer*innen, z. B. f\u00fcr \u00e4ltere Fans und Fans mit Handicap.<\/li>\n<li>strukturell verankerte Leitlinien und die Entwicklung entsprechender Auflagen zur Wahrung von Menschenrechten. Kooperationen, Sponsoring-Vertr\u00e4ge o. \u00e4. mit Unternehmen, Institutionen oder Staaten, die Menschenrechte nicht achten, d\u00fcrfen nicht abgeschlossen werden.<\/li>\n<li>den \u00a0Erhalt eines sportlich fairen und integren Wettbewerbs.<\/li>\n<li>umweltbewusstes, nachhaltiges, soziales und ressourcenschonenden Handeln. Zum Beispiel bei der Produktion von Fanartikeln, aber auch in der Verwaltung in Vereinen.<\/li>\n<li>die \u00a0Offenlegung von Produktionsketten.<\/li>\n<\/ul>\n<\/div><\/div><\/div><\/div><\/div><\/div><\/div><\/section>\n","protected":false},"excerpt":{"rendered":"50+1Erfahre mehr \u00fcber unsere Position zu diesem Thema! TV-GelderErfahre mehr \u00fcber unsere Position zu diesem Thema! 3-Stufen-PlanErfahre mehr \u00fcber unsere Position zu diesem Thema! Vision und Umsetzung Unser perfekter Spieltag &#8211; Und was es zu tun gibt Es ist Heimspiel. Du triffst dich fr\u00fch mit anderen Fans. Es geht zum Stadion. Zuerst mit deiner Clique....","protected":false},"author":4,"featured_media":1182,"parent":0,"menu_order":26,"comment_status":"closed","ping_status":"closed","template":"","meta":{"_acf_changed":false,"footnotes":""},"class_list":["post-67","page","type-page","status-publish","has-post-thumbnail","hentry"],"acf":[],"yoast_head":"<!-- This site is optimized with the Yoast SEO plugin v27.5 - https:\/\/yoast.com\/product\/yoast-seo-wordpress\/ -->\n<title>Positionen &#8226; Unsere Kurve<\/title>\n<meta name=\"robots\" content=\"index, follow, max-snippet:-1, max-image-preview:large, max-video-preview:-1\" \/>\n<link rel=\"canonical\" href=\"https:\/\/www.unserekurve.de\/blog\/positionen\/\" \/>\n<meta property=\"og:locale\" content=\"de_DE\" \/>\n<meta property=\"og:type\" content=\"article\" \/>\n<meta property=\"og:title\" content=\"Positionen &#8226; Unsere Kurve\" \/>\n<meta property=\"og:url\" content=\"https:\/\/www.unserekurve.de\/blog\/positionen\/\" \/>\n<meta property=\"og:site_name\" content=\"Unsere Kurve\" \/>\n<meta property=\"article:modified_time\" content=\"2021-11-12T15:41:42+00:00\" \/>\n<meta property=\"og:image\" content=\"https:\/\/www.unserekurve.de\/blog\/wp-content\/uploads\/UK-Seiten-Headerbild-Positionen.png\" \/>\n\t<meta property=\"og:image:width\" content=\"1200\" \/>\n\t<meta property=\"og:image:height\" content=\"400\" \/>\n\t<meta property=\"og:image:type\" content=\"image\/png\" \/>\n<meta name=\"twitter:label1\" content=\"Gesch\u00e4tzte Lesezeit\" \/>\n\t<meta name=\"twitter:data1\" content=\"8\u00a0Minuten\" \/>\n<script type=\"application\/ld+json\" class=\"yoast-schema-graph\">{\"@context\":\"https:\\\/\\\/schema.org\",\"@graph\":[{\"@type\":\"WebPage\",\"@id\":\"https:\\\/\\\/www.unserekurve.de\\\/blog\\\/positionen\\\/\",\"url\":\"https:\\\/\\\/www.unserekurve.de\\\/blog\\\/positionen\\\/\",\"name\":\"Positionen &#8226; Unsere Kurve\",\"isPartOf\":{\"@id\":\"https:\\\/\\\/www.unserekurve.de\\\/blog\\\/#website\"},\"primaryImageOfPage\":{\"@id\":\"https:\\\/\\\/www.unserekurve.de\\\/blog\\\/positionen\\\/#primaryimage\"},\"image\":{\"@id\":\"https:\\\/\\\/www.unserekurve.de\\\/blog\\\/positionen\\\/#primaryimage\"},\"thumbnailUrl\":\"https:\\\/\\\/www.unserekurve.de\\\/blog\\\/wp-content\\\/uploads\\\/UK-Seiten-Headerbild-Positionen.png\",\"datePublished\":\"2014-02-06T10:53:38+00:00\",\"dateModified\":\"2021-11-12T15:41:42+00:00\",\"breadcrumb\":{\"@id\":\"https:\\\/\\\/www.unserekurve.de\\\/blog\\\/positionen\\\/#breadcrumb\"},\"inLanguage\":\"de\",\"potentialAction\":[{\"@type\":\"ReadAction\",\"target\":[\"https:\\\/\\\/www.unserekurve.de\\\/blog\\\/positionen\\\/\"]}]},{\"@type\":\"ImageObject\",\"inLanguage\":\"de\",\"@id\":\"https:\\\/\\\/www.unserekurve.de\\\/blog\\\/positionen\\\/#primaryimage\",\"url\":\"https:\\\/\\\/www.unserekurve.de\\\/blog\\\/wp-content\\\/uploads\\\/UK-Seiten-Headerbild-Positionen.png\",\"contentUrl\":\"https:\\\/\\\/www.unserekurve.de\\\/blog\\\/wp-content\\\/uploads\\\/UK-Seiten-Headerbild-Positionen.png\",\"width\":1200,\"height\":400},{\"@type\":\"BreadcrumbList\",\"@id\":\"https:\\\/\\\/www.unserekurve.de\\\/blog\\\/positionen\\\/#breadcrumb\",\"itemListElement\":[{\"@type\":\"ListItem\",\"position\":1,\"name\":\"Startseite\",\"item\":\"https:\\\/\\\/www.unserekurve.de\\\/blog\\\/\"},{\"@type\":\"ListItem\",\"position\":2,\"name\":\"featured\",\"item\":\"https:\\\/\\\/www.unserekurve.de\\\/blog\\\/tag\\\/featured\\\/\"},{\"@type\":\"ListItem\",\"position\":3,\"name\":\"Positionen\"}]},{\"@type\":\"WebSite\",\"@id\":\"https:\\\/\\\/www.unserekurve.de\\\/blog\\\/#website\",\"url\":\"https:\\\/\\\/www.unserekurve.de\\\/blog\\\/\",\"name\":\"Unsere Kurve\",\"description\":\"\",\"potentialAction\":[{\"@type\":\"SearchAction\",\"target\":{\"@type\":\"EntryPoint\",\"urlTemplate\":\"https:\\\/\\\/www.unserekurve.de\\\/blog\\\/?s={search_term_string}\"},\"query-input\":{\"@type\":\"PropertyValueSpecification\",\"valueRequired\":true,\"valueName\":\"search_term_string\"}}],\"inLanguage\":\"de\"}]}<\/script>\n<!-- \/ Yoast SEO plugin. -->","yoast_head_json":{"title":"Positionen &#8226; Unsere Kurve","robots":{"index":"index","follow":"follow","max-snippet":"max-snippet:-1","max-image-preview":"max-image-preview:large","max-video-preview":"max-video-preview:-1"},"canonical":"https:\/\/www.unserekurve.de\/blog\/positionen\/","og_locale":"de_DE","og_type":"article","og_title":"Positionen &#8226; Unsere Kurve","og_url":"https:\/\/www.unserekurve.de\/blog\/positionen\/","og_site_name":"Unsere Kurve","article_modified_time":"2021-11-12T15:41:42+00:00","og_image":[{"width":1200,"height":400,"url":"https:\/\/www.unserekurve.de\/blog\/wp-content\/uploads\/UK-Seiten-Headerbild-Positionen.png","type":"image\/png"}],"twitter_misc":{"Gesch\u00e4tzte Lesezeit":"8\u00a0Minuten"},"schema":{"@context":"https:\/\/schema.org","@graph":[{"@type":"WebPage","@id":"https:\/\/www.unserekurve.de\/blog\/positionen\/","url":"https:\/\/www.unserekurve.de\/blog\/positionen\/","name":"Positionen &#8226; Unsere Kurve","isPartOf":{"@id":"https:\/\/www.unserekurve.de\/blog\/#website"},"primaryImageOfPage":{"@id":"https:\/\/www.unserekurve.de\/blog\/positionen\/#primaryimage"},"image":{"@id":"https:\/\/www.unserekurve.de\/blog\/positionen\/#primaryimage"},"thumbnailUrl":"https:\/\/www.unserekurve.de\/blog\/wp-content\/uploads\/UK-Seiten-Headerbild-Positionen.png","datePublished":"2014-02-06T10:53:38+00:00","dateModified":"2021-11-12T15:41:42+00:00","breadcrumb":{"@id":"https:\/\/www.unserekurve.de\/blog\/positionen\/#breadcrumb"},"inLanguage":"de","potentialAction":[{"@type":"ReadAction","target":["https:\/\/www.unserekurve.de\/blog\/positionen\/"]}]},{"@type":"ImageObject","inLanguage":"de","@id":"https:\/\/www.unserekurve.de\/blog\/positionen\/#primaryimage","url":"https:\/\/www.unserekurve.de\/blog\/wp-content\/uploads\/UK-Seiten-Headerbild-Positionen.png","contentUrl":"https:\/\/www.unserekurve.de\/blog\/wp-content\/uploads\/UK-Seiten-Headerbild-Positionen.png","width":1200,"height":400},{"@type":"BreadcrumbList","@id":"https:\/\/www.unserekurve.de\/blog\/positionen\/#breadcrumb","itemListElement":[{"@type":"ListItem","position":1,"name":"Startseite","item":"https:\/\/www.unserekurve.de\/blog\/"},{"@type":"ListItem","position":2,"name":"featured","item":"https:\/\/www.unserekurve.de\/blog\/tag\/featured\/"},{"@type":"ListItem","position":3,"name":"Positionen"}]},{"@type":"WebSite","@id":"https:\/\/www.unserekurve.de\/blog\/#website","url":"https:\/\/www.unserekurve.de\/blog\/","name":"Unsere Kurve","description":"","potentialAction":[{"@type":"SearchAction","target":{"@type":"EntryPoint","urlTemplate":"https:\/\/www.unserekurve.de\/blog\/?s={search_term_string}"},"query-input":{"@type":"PropertyValueSpecification","valueRequired":true,"valueName":"search_term_string"}}],"inLanguage":"de"}]}},"jetpack_sharing_enabled":true,"_links":{"self":[{"href":"https:\/\/www.unserekurve.de\/blog\/wp-json\/wp\/v2\/pages\/67","targetHints":{"allow":["GET"]}}],"collection":[{"href":"https:\/\/www.unserekurve.de\/blog\/wp-json\/wp\/v2\/pages"}],"about":[{"href":"https:\/\/www.unserekurve.de\/blog\/wp-json\/wp\/v2\/types\/page"}],"author":[{"embeddable":true,"href":"https:\/\/www.unserekurve.de\/blog\/wp-json\/wp\/v2\/users\/4"}],"replies":[{"embeddable":true,"href":"https:\/\/www.unserekurve.de\/blog\/wp-json\/wp\/v2\/comments?post=67"}],"version-history":[{"count":23,"href":"https:\/\/www.unserekurve.de\/blog\/wp-json\/wp\/v2\/pages\/67\/revisions"}],"predecessor-version":[{"id":1827,"href":"https:\/\/www.unserekurve.de\/blog\/wp-json\/wp\/v2\/pages\/67\/revisions\/1827"}],"wp:featuredmedia":[{"embeddable":true,"href":"https:\/\/www.unserekurve.de\/blog\/wp-json\/wp\/v2\/media\/1182"}],"wp:attachment":[{"href":"https:\/\/www.unserekurve.de\/blog\/wp-json\/wp\/v2\/media?parent=67"}],"curies":[{"name":"wp","href":"https:\/\/api.w.org\/{rel}","templated":true}]}}