{"id":1821,"date":"2021-11-12T14:58:21","date_gmt":"2021-11-12T13:58:21","guid":{"rendered":"https:\/\/www.unserekurve.de\/blog\/?page_id=1821"},"modified":"2021-11-12T14:58:21","modified_gmt":"2021-11-12T13:58:21","slug":"der-3-stufen-plan","status":"publish","type":"page","link":"https:\/\/www.unserekurve.de\/blog\/positionen\/der-3-stufen-plan\/","title":{"rendered":"Der 3-Stufen-Plan"},"content":{"rendered":"<section class=\"l-section wpb_row height_small\"><div class=\"l-section-h i-cf\"><div class=\"g-cols vc_row via_flex valign_top type_default stacking_default\"><div class=\"vc_col-sm-12 wpb_column vc_column_container\"><div class=\"vc_column-inner\"><div class=\"wpb_wrapper\"><div class=\"wpb_text_column\"><div class=\"wpb_wrapper\"><h2><strong>Gegen Rassismus und Diskriminierung. Unsere Kurve zur \u00dcberarbeitung des Anwendungsbereichs des 3-Stufen-Plans<\/strong><\/h2>\n<p>Der sogenannte 3-Stufen-Plan wurde von der UEFA entwickelt, um die Vereinnahmung von Fu\u00dfballspielen durch diskriminierende und\/oder rassistische \u00c4u\u00dferungen \u2013 sowohl verbal, durch Gesten als auch auf Transparenten o.\u00e4. \u2013 zu unterbinden. Vor dem Beschluss zum 3-Stufen-Plan war es Schiedsrichter*innen nicht m\u00f6glich, das Spiel ohne direkte eigene Kenntnis aufgrund von derartigen Vorf\u00e4llen zu unterbrechen oder gar abzubrechen. Der DFB hat nach der offensichtlich falschen Anwendung im Fr\u00fchjahr 2020 klarere Rahmenbedingungen f\u00fcr die Anwendung des 3-Stufen-Plans entwickelt und eine Handreichung zur Anwendung ver\u00f6ffentlicht.<\/p>\n<p>Wir stellen im Folgenden die wesentlichen Punkte f\u00fcr die Anwendung des 3-Stufen-Plans bei Spielen in Verantwortung des DFB oder der Bundesligen dar. Andere Regelungen im Fu\u00dfball zur Sanktionierung von Fehlverhalten bleiben hiervon unber\u00fchrt.<\/p>\n<h4><strong>Wann greift der 3-Stufen-Plan und was ist sein Zweck?<\/strong><\/h4>\n<p>Der*die Schiedsrichter*in hat die M\u00f6glichkeit \u2013 auch wenn er*sie den Vorfall nicht selbst mitbekommt \u2013 das Spiel zwei Mal zu unterbrechen und im \u00e4u\u00dfersten Fall bei einem dritten Vorkommnis innerhalb einer Spielzeit das Spiel abzubrechen.<\/p>\n<p>Der 3-Stufen-Plan ist in Zusammenhang mit <strong>Rassismus<\/strong> und <strong>Diskriminierung<\/strong> f\u00fcr <strong>zwei <\/strong>Situationen vorgesehen:<\/p>\n<ol>\n<li>Ein*e Spieler*in wird von den R\u00e4ngen rassistisch und\/oder diskriminierend adressiert<\/li>\n<li>Trib\u00fcnen und deren Sichtbarkeit werden f\u00fcr die Inszenierung rassistischer und\/oder diskriminierender Botschaften missbraucht<\/li>\n<\/ol>\n<p>Im ersten Fall geht es um den Schutz von Betroffenen: Die Unterbrechung bietet die M\u00f6glichkeit f\u00fcr ein Gespr\u00e4ch mit dem*der Betroffenen und \u00fcber notwendige Interventionen.<\/p>\n<p>Im zweiten Fall geht es darum, dass ein Fu\u00dfballspiel nicht f\u00fcr rassistische und\/oder diskriminierende Botschaften missbraucht werden darf.<\/p>\n<p>Der DFB hat sich \u00fcberdies dazu entschieden, das Anwendungsgebiet des 3-Stufen-Plans auf den Bereich der sogenannten<strong> \u201epersonifizierten Gewaltandrohung\u201c<\/strong> auszuweiten.<\/p>\n<p>Wir stufen diese Erweiterung als ein Versuch ein, die offensichtlich falsche Anwendung des 3-Stufen-Plans im Fr\u00fchjahr 2020 aufgrund von beleidigenden Bannern gegen Dietmar Hopp wenigstens in Teilen r\u00fcckwirkend zu rechtfertigen. Ab sofort gilt in jedem Fall, dass die Darstellung einer Person in einem Fadenkreuz zur Anwendung des 3-Stufen-Plans f\u00fchren kann.<\/p>\n<p><strong>Keine Anwendung<\/strong> findet der 3-Stufen-Plan hingegen <strong>bei Beleidigungen<\/strong>, egal ob in Sprechch\u00f6ren oder als geschriebenes Wort. Wichtig zu wissen: Es handelt sich hier nur um die Anwendung des 3-Stufen-Plans, d.\u00a0h. Sanktionen z.\u00a0B. durch die Sportgerichtsbarkeit oder Strafverfahren bleiben\/sind weiterhin m\u00f6glich.<\/p>\n<h4><strong>Bewertung der Anpassung des Anwendungsbereichs <\/strong><\/h4>\n<p>Wir stufen die Konkretisierung der Anwendung des 3-Stufen-Plans als Teilerfolg ein. Dieser Teilerfolg wurde durch die gelungene \u00d6ffentlichkeitsarbeit verschiedener Fanorganisationen einerseits sowie einer intensiven Auseinandersetzung in den Dialogstrukturen zwischen beteiligten Fanorganisationen und -verb\u00e4nden andererseits erreicht.<\/p>\n<p>Wir begr\u00fc\u00dfen jegliche konsequente Haltung und Handlung gegen Diskriminierung und Rassismus und damit auch die Anwendung des 3-Stufen-Plans in Zusammenhang mit diskriminierenden und rassistischen Vorf\u00e4llen.<\/p>\n<p>Die aktuelle Handreichung ist ein erster Schritt f\u00fcr mehr Klarheit \u2013 dennoch besteht nach wie vor ein gro\u00dfer Ermessensspielraum und vieles wird sich erst in der Anwendungspraxis zeigen. Deshalb fordern wir, dass die Anwendungspraxis mindestens einmal pro Jahr in Kooperation mit Fans evaluiert wird und die Handreichung regelm\u00e4\u00dfig angepasst und konkretisiert wird.<\/p>\n<p>Die Erweiterung des 3-Stufen-Plans um den Sachverhalt der \u201epersonifizierten Gewaltandrohung\u201c lehnen wir kategorisch ab. Diese Erweiterung geht am Kerngedanken des 3-Stufen-Plans vorbei und erschwert unserer Meinung nach die sachgem\u00e4\u00dfe Anwendung enorm. Bereits jetzt k\u00f6nnen entsprechende Androhungen sowohl durch das Sportgericht, als auch durch ein ordentliches Gericht untersucht und sanktioniert werden. Wir sind au\u00dferdem der \u00dcberzeugung, dass der 3-Stufen-Plan einfacher Akzeptanz gefunden h\u00e4tte, wenn ausschlie\u00dflich diskriminierende und rassistische Vorf\u00e4lle Gegenstand des 3-Stufen-Plans w\u00e4ren.<\/p>\n<h4><strong><em>Kl\u00e4rung verwendeter Begriffe im Kontext des 3-Stufen-Plans<\/em><\/strong><\/h4>\n<p><em>Wird eine Person diskriminiert, dann wird er*sie nicht als einzelner Mensch mit seinen*ihren pers\u00f6nlichen Eigenschaften, F\u00e4higkeiten oder Interessen wahrgenommen und bewertet. Er* sie wird in diesem Fall als Teil eines Kollektivs, einer (erfundenen) Gemeinschaft wahrgenommen. Aufgrund dieser Einordnung werden der Person dann bestimmte, zumeist negative, Eigenschaften zugeschrieben. Diese Eigenschaften werten die Person ab und haben den Zweck, sie von anderen Menschen zu unterscheiden und der Person die Gleichberechtigung abzusprechen. <\/em><\/p>\n<p><em>Im Fall von Rassismus erfolgt die Unterscheidung i.\u00a0d.\u00a0R. aufgrund der Hautfarbe und\/oder der Herkunft. Grundlage bildet die absurde und falsche Idee, dass es \u201aRassen\u2018 von Menschen gebe, denen dadurch die Gleichwertigkeit und der Anspruch auf Gleichberechtigung abgesprochen wird. <\/em><\/p>\n<p><em>Rassismus und Diskriminierung verweisen in der Regel auf eine historische Dimension der Ausgrenzung und Unterdr\u00fcckung.<\/em><\/p>\n<p><em>Wir lehnen jegliche Form von Diskriminierung und Rassismus konsequent ab und werden uns dieser mit allen unseren Mitteln entgegenstellen. <\/em><\/p>\n<\/div><\/div><\/div><\/div><\/div><\/div><\/div><\/section>\n","protected":false},"excerpt":{"rendered":"Gegen Rassismus und Diskriminierung. Unsere Kurve zur \u00dcberarbeitung des Anwendungsbereichs des 3-Stufen-Plans Der sogenannte 3-Stufen-Plan wurde von der UEFA entwickelt, um die Vereinnahmung von Fu\u00dfballspielen durch diskriminierende und\/oder rassistische \u00c4u\u00dferungen \u2013 sowohl verbal, durch Gesten als auch auf Transparenten o.\u00e4. \u2013 zu unterbinden. Vor dem Beschluss zum 3-Stufen-Plan war es Schiedsrichter*innen nicht m\u00f6glich, das Spiel...","protected":false},"author":8,"featured_media":1820,"parent":67,"menu_order":27,"comment_status":"closed","ping_status":"closed","template":"","meta":{"_acf_changed":false,"footnotes":""},"class_list":["post-1821","page","type-page","status-publish","has-post-thumbnail","hentry"],"acf":[],"yoast_head":"<!-- This site is optimized with the Yoast SEO plugin v27.5 - https:\/\/yoast.com\/product\/yoast-seo-wordpress\/ -->\n<title>Der 3-Stufen-Plan &#8226; Unsere Kurve<\/title>\n<meta name=\"robots\" content=\"index, follow, max-snippet:-1, max-image-preview:large, max-video-preview:-1\" \/>\n<link rel=\"canonical\" href=\"https:\/\/www.unserekurve.de\/blog\/positionen\/der-3-stufen-plan\/\" \/>\n<meta property=\"og:locale\" content=\"de_DE\" \/>\n<meta property=\"og:type\" content=\"article\" \/>\n<meta property=\"og:title\" content=\"Der 3-Stufen-Plan &#8226; Unsere Kurve\" \/>\n<meta property=\"og:url\" content=\"https:\/\/www.unserekurve.de\/blog\/positionen\/der-3-stufen-plan\/\" \/>\n<meta property=\"og:site_name\" content=\"Unsere Kurve\" \/>\n<meta property=\"og:image\" content=\"https:\/\/www.unserekurve.de\/blog\/wp-content\/uploads\/Header-3_Stufen-Plan.png\" \/>\n\t<meta property=\"og:image:width\" content=\"1200\" \/>\n\t<meta property=\"og:image:height\" content=\"400\" \/>\n\t<meta property=\"og:image:type\" content=\"image\/png\" \/>\n<meta name=\"twitter:label1\" content=\"Gesch\u00e4tzte Lesezeit\" \/>\n\t<meta name=\"twitter:data1\" content=\"4\u00a0Minuten\" \/>\n<script type=\"application\/ld+json\" class=\"yoast-schema-graph\">{\"@context\":\"https:\\\/\\\/schema.org\",\"@graph\":[{\"@type\":\"WebPage\",\"@id\":\"https:\\\/\\\/www.unserekurve.de\\\/blog\\\/positionen\\\/der-3-stufen-plan\\\/\",\"url\":\"https:\\\/\\\/www.unserekurve.de\\\/blog\\\/positionen\\\/der-3-stufen-plan\\\/\",\"name\":\"Der 3-Stufen-Plan &#8226; Unsere Kurve\",\"isPartOf\":{\"@id\":\"https:\\\/\\\/www.unserekurve.de\\\/blog\\\/#website\"},\"primaryImageOfPage\":{\"@id\":\"https:\\\/\\\/www.unserekurve.de\\\/blog\\\/positionen\\\/der-3-stufen-plan\\\/#primaryimage\"},\"image\":{\"@id\":\"https:\\\/\\\/www.unserekurve.de\\\/blog\\\/positionen\\\/der-3-stufen-plan\\\/#primaryimage\"},\"thumbnailUrl\":\"https:\\\/\\\/www.unserekurve.de\\\/blog\\\/wp-content\\\/uploads\\\/Header-3_Stufen-Plan.png\",\"datePublished\":\"2021-11-12T13:58:21+00:00\",\"breadcrumb\":{\"@id\":\"https:\\\/\\\/www.unserekurve.de\\\/blog\\\/positionen\\\/der-3-stufen-plan\\\/#breadcrumb\"},\"inLanguage\":\"de\",\"potentialAction\":[{\"@type\":\"ReadAction\",\"target\":[\"https:\\\/\\\/www.unserekurve.de\\\/blog\\\/positionen\\\/der-3-stufen-plan\\\/\"]}]},{\"@type\":\"ImageObject\",\"inLanguage\":\"de\",\"@id\":\"https:\\\/\\\/www.unserekurve.de\\\/blog\\\/positionen\\\/der-3-stufen-plan\\\/#primaryimage\",\"url\":\"https:\\\/\\\/www.unserekurve.de\\\/blog\\\/wp-content\\\/uploads\\\/Header-3_Stufen-Plan.png\",\"contentUrl\":\"https:\\\/\\\/www.unserekurve.de\\\/blog\\\/wp-content\\\/uploads\\\/Header-3_Stufen-Plan.png\",\"width\":1200,\"height\":400},{\"@type\":\"BreadcrumbList\",\"@id\":\"https:\\\/\\\/www.unserekurve.de\\\/blog\\\/positionen\\\/der-3-stufen-plan\\\/#breadcrumb\",\"itemListElement\":[{\"@type\":\"ListItem\",\"position\":1,\"name\":\"Startseite\",\"item\":\"https:\\\/\\\/www.unserekurve.de\\\/blog\\\/\"},{\"@type\":\"ListItem\",\"position\":2,\"name\":\"featured\",\"item\":\"https:\\\/\\\/www.unserekurve.de\\\/blog\\\/tag\\\/featured\\\/\"},{\"@type\":\"ListItem\",\"position\":3,\"name\":\"Positionen\",\"item\":\"https:\\\/\\\/www.unserekurve.de\\\/blog\\\/positionen\\\/\"},{\"@type\":\"ListItem\",\"position\":4,\"name\":\"Der 3-Stufen-Plan\"}]},{\"@type\":\"WebSite\",\"@id\":\"https:\\\/\\\/www.unserekurve.de\\\/blog\\\/#website\",\"url\":\"https:\\\/\\\/www.unserekurve.de\\\/blog\\\/\",\"name\":\"Unsere Kurve\",\"description\":\"\",\"potentialAction\":[{\"@type\":\"SearchAction\",\"target\":{\"@type\":\"EntryPoint\",\"urlTemplate\":\"https:\\\/\\\/www.unserekurve.de\\\/blog\\\/?s={search_term_string}\"},\"query-input\":{\"@type\":\"PropertyValueSpecification\",\"valueRequired\":true,\"valueName\":\"search_term_string\"}}],\"inLanguage\":\"de\"}]}<\/script>\n<!-- \/ Yoast SEO plugin. -->","yoast_head_json":{"title":"Der 3-Stufen-Plan &#8226; Unsere Kurve","robots":{"index":"index","follow":"follow","max-snippet":"max-snippet:-1","max-image-preview":"max-image-preview:large","max-video-preview":"max-video-preview:-1"},"canonical":"https:\/\/www.unserekurve.de\/blog\/positionen\/der-3-stufen-plan\/","og_locale":"de_DE","og_type":"article","og_title":"Der 3-Stufen-Plan &#8226; Unsere Kurve","og_url":"https:\/\/www.unserekurve.de\/blog\/positionen\/der-3-stufen-plan\/","og_site_name":"Unsere Kurve","og_image":[{"width":1200,"height":400,"url":"https:\/\/www.unserekurve.de\/blog\/wp-content\/uploads\/Header-3_Stufen-Plan.png","type":"image\/png"}],"twitter_misc":{"Gesch\u00e4tzte Lesezeit":"4\u00a0Minuten"},"schema":{"@context":"https:\/\/schema.org","@graph":[{"@type":"WebPage","@id":"https:\/\/www.unserekurve.de\/blog\/positionen\/der-3-stufen-plan\/","url":"https:\/\/www.unserekurve.de\/blog\/positionen\/der-3-stufen-plan\/","name":"Der 3-Stufen-Plan &#8226; Unsere Kurve","isPartOf":{"@id":"https:\/\/www.unserekurve.de\/blog\/#website"},"primaryImageOfPage":{"@id":"https:\/\/www.unserekurve.de\/blog\/positionen\/der-3-stufen-plan\/#primaryimage"},"image":{"@id":"https:\/\/www.unserekurve.de\/blog\/positionen\/der-3-stufen-plan\/#primaryimage"},"thumbnailUrl":"https:\/\/www.unserekurve.de\/blog\/wp-content\/uploads\/Header-3_Stufen-Plan.png","datePublished":"2021-11-12T13:58:21+00:00","breadcrumb":{"@id":"https:\/\/www.unserekurve.de\/blog\/positionen\/der-3-stufen-plan\/#breadcrumb"},"inLanguage":"de","potentialAction":[{"@type":"ReadAction","target":["https:\/\/www.unserekurve.de\/blog\/positionen\/der-3-stufen-plan\/"]}]},{"@type":"ImageObject","inLanguage":"de","@id":"https:\/\/www.unserekurve.de\/blog\/positionen\/der-3-stufen-plan\/#primaryimage","url":"https:\/\/www.unserekurve.de\/blog\/wp-content\/uploads\/Header-3_Stufen-Plan.png","contentUrl":"https:\/\/www.unserekurve.de\/blog\/wp-content\/uploads\/Header-3_Stufen-Plan.png","width":1200,"height":400},{"@type":"BreadcrumbList","@id":"https:\/\/www.unserekurve.de\/blog\/positionen\/der-3-stufen-plan\/#breadcrumb","itemListElement":[{"@type":"ListItem","position":1,"name":"Startseite","item":"https:\/\/www.unserekurve.de\/blog\/"},{"@type":"ListItem","position":2,"name":"featured","item":"https:\/\/www.unserekurve.de\/blog\/tag\/featured\/"},{"@type":"ListItem","position":3,"name":"Positionen","item":"https:\/\/www.unserekurve.de\/blog\/positionen\/"},{"@type":"ListItem","position":4,"name":"Der 3-Stufen-Plan"}]},{"@type":"WebSite","@id":"https:\/\/www.unserekurve.de\/blog\/#website","url":"https:\/\/www.unserekurve.de\/blog\/","name":"Unsere Kurve","description":"","potentialAction":[{"@type":"SearchAction","target":{"@type":"EntryPoint","urlTemplate":"https:\/\/www.unserekurve.de\/blog\/?s={search_term_string}"},"query-input":{"@type":"PropertyValueSpecification","valueRequired":true,"valueName":"search_term_string"}}],"inLanguage":"de"}]}},"jetpack_sharing_enabled":true,"_links":{"self":[{"href":"https:\/\/www.unserekurve.de\/blog\/wp-json\/wp\/v2\/pages\/1821","targetHints":{"allow":["GET"]}}],"collection":[{"href":"https:\/\/www.unserekurve.de\/blog\/wp-json\/wp\/v2\/pages"}],"about":[{"href":"https:\/\/www.unserekurve.de\/blog\/wp-json\/wp\/v2\/types\/page"}],"author":[{"embeddable":true,"href":"https:\/\/www.unserekurve.de\/blog\/wp-json\/wp\/v2\/users\/8"}],"replies":[{"embeddable":true,"href":"https:\/\/www.unserekurve.de\/blog\/wp-json\/wp\/v2\/comments?post=1821"}],"version-history":[{"count":4,"href":"https:\/\/www.unserekurve.de\/blog\/wp-json\/wp\/v2\/pages\/1821\/revisions"}],"predecessor-version":[{"id":1825,"href":"https:\/\/www.unserekurve.de\/blog\/wp-json\/wp\/v2\/pages\/1821\/revisions\/1825"}],"up":[{"embeddable":true,"href":"https:\/\/www.unserekurve.de\/blog\/wp-json\/wp\/v2\/pages\/67"}],"wp:featuredmedia":[{"embeddable":true,"href":"https:\/\/www.unserekurve.de\/blog\/wp-json\/wp\/v2\/media\/1820"}],"wp:attachment":[{"href":"https:\/\/www.unserekurve.de\/blog\/wp-json\/wp\/v2\/media?parent=1821"}],"curies":[{"name":"wp","href":"https:\/\/api.w.org\/{rel}","templated":true}]}}