{"id":1425,"date":"2021-03-17T22:39:49","date_gmt":"2021-03-17T21:39:49","guid":{"rendered":"https:\/\/www.unserekurve.de\/blog\/?page_id=1425"},"modified":"2021-03-18T22:17:01","modified_gmt":"2021-03-18T21:17:01","slug":"zukunft-profifussball","status":"publish","type":"page","link":"https:\/\/www.unserekurve.de\/blog\/zukunft-profifussball\/","title":{"rendered":"Zukunft Profifu\u00dfball"},"content":{"rendered":"<section class=\"l-section wpb_row height_small\"><div class=\"l-section-h i-cf\"><div class=\"g-cols vc_row via_flex valign_top type_default stacking_default\"><div class=\"vc_col-sm-12 wpb_column vc_column_container\"><div class=\"vc_column-inner\"><div class=\"wpb_wrapper\"><div class=\"w-image align_left\"><div class=\"w-image-h\"><img decoding=\"async\" width=\"400\" height=\"176\" src=\"https:\/\/www.unserekurve.de\/blog\/wp-content\/uploads\/Logo-Zukunft-Profi-Fussball_3-1536x676-1-e1616016530588.jpeg\" class=\"attachment-full size-full\" alt=\"\" loading=\"lazy\" \/><\/div><\/div><\/div><\/div><\/div><\/div><\/div><\/section><section class=\"l-section wpb_row height_small\"><div class=\"l-section-h i-cf\"><div class=\"g-cols vc_row via_flex valign_top type_default stacking_default\"><div class=\"vc_col-sm-12 wpb_column vc_column_container\"><div class=\"vc_column-inner\"><div class=\"wpb_wrapper\"><div class=\"wpb_text_column\"><div class=\"wpb_wrapper\"><div><span class=\" author-d-1gg9uz65z1iz85zgdz68zmqkz84zo2qowz82zpn6sz65zivrvoz65zz71zz85ziz67zz80zqz87z7z68zz72zpz79zz66zvz76zz70z505\">Das Jahr 2020 stand ganz im Zeichen dringend notwendiger Reformen im Fu\u00dfball. Durch die Corona-Pandemie wurden die Schwachstellen im deutschen Profifu\u00dfball so schonungslos offengelegt wie noch nie. Vielen Fans war klar: Ein<\/span> <span class=\" author-d-1gg9uz65z1iz85zgdz68zmqkz84zo2qowz82zpn6sz65zivrvoz65zz71zz85ziz67zz80zqz87z7z68zz72zpz79zz66zvz76zz70z505 h-lsquo\">\u2018Weiter<\/span><span class=\" author-d-1gg9uz65z1iz85zgdz68zmqkz84zo2qowz82zpn6sz65zivrvoz65zz71zz85ziz67zz80zqz87z7z68zz72zpz79zz66zvz76zz70z505\"> so!\u2019 darf es nicht geben. 13 Vereinen der 1. und 2. Liga drohte aufgrund der Spielunterbrechung im Fr\u00fchjahr die Insolvenz. Wirtschaftliche Nachhaltigkeit? Fehlanzeige! Doch nicht nur das<\/span><span class=\" author-d-1gg9uz65z1iz85zgdz68zmqkz84zo2qoxuz87zgmz72zt8ehz89zqz84zg92z66zjqd6z81z7z78zz74zz68zl9z81z0z80zz88z\">:<\/span> <span class=\" author-d-1gg9uz65z1iz85zgdz68zmqkz84zo2qoxuz87zgmz72zt8ehz89zqz84zg92z66zjqd6z81z7z78zz74zz68zl9z81z0z80zz88z\">V<\/span><span class=\" author-d-1gg9uz65z1iz85zgdz68zmqkz84zo2qowz82zpn6sz65zivrvoz65zz71zz85ziz67zz80zqz87z7z68zz72zpz79zz66zvz76zz70z505\">ieles Weitere lag und liegt im Argen. Wir haben uns dazu ausf\u00fchrlich positioniert:<\/span> <span class=\" author-d-1gg9uz65z1iz85zgdz68zmqkz84zo2qoxuz87zgmz72zt8ehz89zqz84zg92z66zjqd6z81z7z78zz74zz68zl9z81z0z80zz88z h-ldquo\">\u201c<\/span><span class=\" author-d-1gg9uz65z1iz85zgdz68zmqkz84zo2qowz82zpn6sz65zivrvoz65zz71zz85ziz67zz80zqz87z7z68zz72zpz79zz66zvz76zz70z505 h-ldquo\">Wir<\/span><span class=\" author-d-1gg9uz65z1iz85zgdz68zmqkz84zo2qowz82zpn6sz65zivrvoz65zz71zz85ziz67zz80zqz87z7z68zz72zpz79zz66zvz76zz70z505\"> leisten Erste Hilfe, wenn Ihr bereit seid, gesund zu werden!<\/span><span class=\" author-d-1gg9uz65z1iz85zgdz68zmqkz84zo2qoxuz87zgmz72zt8ehz89zqz84zg92z66zjqd6z81z7z78zz74zz68zl9z81z0z80zz88z\">\u201d<\/span><\/div>\n<div><\/div>\n<p>&nbsp;<\/p>\n<div><span class=\" author-d-1gg9uz65z1iz85zgdz68zmqkz84zo2qowz82zpn6sz65zivrvoz65zz71zz85ziz67zz80zqz87z7z68zz72zpz79zz66zvz76zz70z505\">Um Reformen im deutschen Profifu\u00dfball voranzutreiben, <\/span><span class=\"attrlink url author-d-1gg9uz65z1iz85zgdz68zmqkz84zo2qowz82zpn6sz65zivrvoz65zz71zz85ziz67zz80zqz87z7z68zz72zpz79zz66zvz76zz70z505\"><a class=\"attrlink\" href=\"https:\/\/www.unserekurve.de\/blog\/zukunft-des-profifussballs-gestalten\/\" target=\"_blank\" rel=\"noreferrer nofollow noopener\" data-target-href=\"https:\/\/www.unserekurve.de\/blog\/zukunft-des-profifussballs-gestalten\/\">initiierten wir im Mai 2020 mit Unterst\u00fctzung des SDE Funds das Projekt Zukunft Profifu\u00dfball<\/a><\/span><span class=\" author-d-1gg9uz65z1iz85zgdz68zmqkz84zo2qowz82zpn6sz65zivrvoz65zz71zz85ziz67zz80zqz87z7z68zz72zpz79zz66zvz76zz70z505\">. In zwei Monaten erarbeiteten \u00fcber 50 Fans aus bundesweiten Fanorganisationen Konzeptpapiere f\u00fcr Reformen im Fu\u00dfball. Diese gliederten sich &#8211; in Anlehnung an die Erkl\u00e4rung der Initiative<\/span> <span class=\" author-d-1gg9uz65z1iz85zgdz68zmqkz84zo2qoxuz87zgmz72zt8ehz89zqz84zg92z66zjqd6z81z7z78zz74zz68zl9z81z0z80zz88z h-ldquo\">\u201c<\/span><span class=\" author-d-1gg9uz65z1iz85zgdz68zmqkz84zo2qowz82zpn6sz65zivrvoz65zz71zz85ziz67zz80zqz87z7z68zz72zpz79zz66zvz76zz70z505 h-ldquo\">Unser<\/span><span class=\" author-d-1gg9uz65z1iz85zgdz68zmqkz84zo2qowz82zpn6sz65zivrvoz65zz71zz85ziz67zz80zqz87z7z68zz72zpz79zz66zvz76zz70z505\"> Fu\u00dfball<\/span><span class=\" author-d-1gg9uz65z1iz85zgdz68zmqkz84zo2qoxuz87zgmz72zt8ehz89zqz84zg92z66zjqd6z81z7z78zz74zz68zl9z81z0z80zz88z\">\u201d<\/span><span class=\" author-d-1gg9uz65z1iz85zgdz68zmqkz84zo2qowz82zpn6sz65zivrvoz65zz71zz85ziz67zz80zqz87z7z68zz72zpz79zz66zvz76zz70z505\"> &#8211; in vier Bereiche:<\/span><\/div>\n<div><\/div>\n<div><\/div>\n<p>&nbsp;<\/p>\n<ol class=\"listtype-number listindent1 list-number1\" start=\"1\">\n<li><span class=\"attrlink url author-d-1gg9uz65z1iz85zgdz68zmqkz84zo2qowz82zpn6sz65zivrvoz65zz71zz85ziz67zz80zqz87z7z68zz72zpz79zz66zvz76zz70z505\"><a class=\"attrlink\" href=\"https:\/\/zukunft-profifussball.de\/integritat-des-wettbewerbs-konzept\" target=\"_blank\" rel=\"noreferrer nofollow noopener\" data-target-href=\"https:\/\/zukunft-profifussball.de\/integritat-des-wettbewerbs-konzept\">Integrit\u00e4t des Wettbewerbs<\/a><\/span><\/li>\n<li><span class=\"attrlink url author-d-1gg9uz65z1iz85zgdz68zmqkz84zo2qowz82zpn6sz65zivrvoz65zz71zz85ziz67zz80zqz87z7z68zz72zpz79zz66zvz76zz70z505\"><a class=\"attrlink\" href=\"https:\/\/zukunft-profifussball.de\/vereine-als-demokratische-basis-konzept\" target=\"_blank\" rel=\"noreferrer nofollow noopener\" data-target-href=\"https:\/\/zukunft-profifussball.de\/vereine-als-demokratische-basis-konzept\">Vereine als demokratische Basis<\/a><\/span><\/li>\n<li><span class=\"attrlink url author-d-1gg9uz65z1iz85zgdz68zmqkz84zo2qowz82zpn6sz65zivrvoz65zz71zz85ziz67zz80zqz87z7z68zz72zpz79zz66zvz76zz70z505\"><a class=\"attrlink\" href=\"https:\/\/zukunft-profifussball.de\/gesellschaftliche-verantwortung-konzept\" target=\"_blank\" rel=\"noreferrer nofollow noopener\" data-target-href=\"https:\/\/zukunft-profifussball.de\/gesellschaftliche-verantwortung-konzept\">Gesellschaftliche Verantwortung<\/a><\/span><\/li>\n<li><span class=\"attrlink url author-d-1gg9uz65z1iz85zgdz68zmqkz84zo2qowz82zpn6sz65zivrvoz65zz71zz85ziz67zz80zqz87z7z68zz72zpz79zz66zvz76zz70z505\"><a class=\"attrlink\" href=\"https:\/\/zukunft-profifussball.de\/fussball-als-publikumssport-konzept\" target=\"_blank\" rel=\"noreferrer nofollow noopener\" data-target-href=\"https:\/\/zukunft-profifussball.de\/fussball-als-publikumssport-konzept\">Fu\u00dfball als Publikumssport<\/a><\/span><\/li>\n<\/ol>\n<div><\/div>\n<div><span class=\" author-d-1gg9uz65z1iz85zgdz68zmqkz84zo2qowz82zpn6sz65zivrvoz65zz71zz85ziz67zz80zqz87z7z68zz72zpz79zz66zvz76zz70z505\">Alles rund um das Projekt kann auf der eigenen Website <\/span><span class=\"attrlink url author-d-1gg9uz65z1iz85zgdz68zmqkz84zo2qowz82zpn6sz65zivrvoz65zz71zz85ziz67zz80zqz87z7z68zz72zpz79zz66zvz76zz70z505\"><a class=\"attrlink\" href=\"https:\/\/zukunft-profifussball.de\/\" target=\"_blank\" rel=\"noreferrer nofollow noopener\" data-target-href=\"https:\/\/zukunft-profifussball.de\/\">www.zukunft-profifussball.de<\/a><\/span><span class=\" author-d-1gg9uz65z1iz85zgdz68zmqkz84zo2qowz82zpn6sz65zivrvoz65zz71zz85ziz67zz80zqz87z7z68zz72zpz79zz66zvz76zz70z505\"> nachgelesen werden.<\/span><\/div>\n<div><\/div>\n<div><span class=\" author-d-1gg9uz65z1iz85zgdz68zmqkz84zo2qowz82zpn6sz65zivrvoz65zz71zz85ziz67zz80zqz87z7z68zz72zpz79zz66zvz76zz70z505\">Nach der ersten Arbeitsphase<\/span> <span class=\" author-d-1gg9uz65z1iz85zgdz68zmqkz84zo2qowz82zpn6sz65zivrvoz65zz71zz85ziz67zz80zqz87z7z68zz72zpz79zz66zvz76zz70z505 h-lparen\">(Entwicklung<\/span><span class=\" author-d-1gg9uz65z1iz85zgdz68zmqkz84zo2qowz82zpn6sz65zivrvoz65zz71zz85ziz67zz80zqz87z7z68zz72zpz79zz66zvz76zz70z505\"> und Ver\u00f6ffentlichung der Konzepte) folgte Arbeitsphase 2: Zukunft Profifu\u00dfball erhielt drei Pl\u00e4tze in der gleichnamigen <\/span><span class=\"attrlink url author-d-1gg9uz65z1iz85zgdz68zmqkz84zo2qowz82zpn6sz65zivrvoz65zz71zz85ziz67zz80zqz87z7z68zz72zpz79zz66zvz76zz70z505\"><a class=\"attrlink\" href=\"https:\/\/www.dfl.de\/de\/aktuelles\/taskforce-zukunft-profifussball-besetzung\/\" target=\"_blank\" rel=\"noreferrer nofollow noopener\" data-target-href=\"https:\/\/www.dfl.de\/de\/aktuelles\/taskforce-zukunft-profifussball-besetzung\/\">DFL-Taskforce<\/a><\/span><span class=\" author-d-1gg9uz65z1iz85zgdz68zmqkz84zo2qowz82zpn6sz65zivrvoz65zz71zz85ziz67zz80zqz87z7z68zz72zpz79zz66zvz76zz70z505\">. <\/span><span class=\" author-d-1gg9uz65z1iz85zgdz68zmqkz84zo2qoxuz87zgmz72zt8ehz89zqz84zg92z66zjqd6z81z7z78zz74zz68zl9z81z0z80zz88z\">Drei weitere Pl\u00e4tze wurden durch die AG Fankulturen besetzt<\/span> <span class=\" author-d-1gg9uz65z1iz85zgdz68zmqkz84zo2qoxuz87zgmz72zt8ehz89zqz84zg92z66zjqd6z81z7z78zz74zz68zl9z81z0z80zz88z h-lparen\">(Unsere<\/span><span class=\" author-d-1gg9uz65z1iz85zgdz68zmqkz84zo2qoxuz87zgmz72zt8ehz89zqz84zg92z66zjqd6z81z7z78zz74zz68zl9z81z0z80zz88z\"> Kurve, F_in, Fanbeauftragten-Sprecher). <\/span><span class=\" author-d-1gg9uz65z1iz85zgdz68zmqkz84zo2qowz82zpn6sz65zivrvoz65zz71zz85ziz67zz80zqz87z7z68zz72zpz79zz66zvz76zz70z505\">Von Oktober bis Dezember diskutierten<\/span><span class=\" author-d-1gg9uz65z1iz85zgdz68zmqkz84zo2qoxuz87zgmz72zt8ehz89zqz84zg92z66zjqd6z81z7z78zz74zz68zl9z81z0z80zz88z\"> somit sechs<\/span><span class=\" author-d-1gg9uz65z1iz85zgdz68zmqkz84zo2qowz82zpn6sz65zivrvoz65zz71zz85ziz67zz80zqz87z7z68zz72zpz79zz66zvz76zz70z505\"> Fanvertreter*innen mit anderen Vertreter*innen aus unterschiedlichen Interessengruppen \u00fcber die Zukunft des Profifu\u00dfball unter dem Dach der DFL.\u00a0<\/span><\/div>\n<div><\/div>\n<p>&nbsp;<\/p>\n<div><span class=\" author-d-1gg9uz65z1iz85zgdz68zmqkz84zo2qowz82zpn6sz65zivrvoz65zz71zz85ziz67zz80zqz87z7z68zz72zpz79zz66zvz76zz70z505\">Ende des Jahres initiierte auch der <\/span><span class=\"attrlink url author-d-1gg9uz65z1iz85zgdz68zmqkz84zo2qowz82zpn6sz65zivrvoz65zz71zz85ziz67zz80zqz87z7z68zz72zpz79zz66zvz76zz70z505\"><a class=\"attrlink\" href=\"https:\/\/www.dfb.de\/news\/detail\/task-force-wirtschaftliche-stabilitaet-3-liga-nimmt-arbeit-auf-221972\/\" target=\"_blank\" rel=\"noreferrer nofollow noopener\" data-target-href=\"https:\/\/www.dfb.de\/news\/detail\/task-force-wirtschaftliche-stabilitaet-3-liga-nimmt-arbeit-auf-221972\/\">DFB eine Taskforce<\/a><\/span><span class=\" author-d-1gg9uz65z1iz85zgdz68zmqkz84zo2qowz82zpn6sz65zivrvoz65zz71zz85ziz67zz80zqz87z7z68zz72zpz79zz66zvz76zz70z505\">. Sie soll sich insbesondere der wirtschaftlichen Stabilit\u00e4t der 3. Liga widmen. Mit dabei ist ein Fanvertreter von Unsere Kurve und eine Fanvertreterin von F_in, die beide auch im Projekt Zukunft Profifu\u00dfball involviert sind.\u00a0<\/span><\/div>\n<div><\/div>\n<p>&nbsp;<\/p>\n<div><span class=\" author-d-1gg9uz65z1iz85zgdz68zmqkz84zo2qowz82zpn6sz65zivrvoz65zz71zz85ziz67zz80zqz87z7z68zz72zpz79zz66zvz76zz70z505\">Im Jahr 2021 muss es entsprechend um die Implementierung von Ma\u00dfnahmen gehen. Wir werden uns lautstark und vehement f\u00fcr notwendige Reformen im Profifu\u00dfball einsetzen. Informationen sind auf der <\/span><span class=\"attrlink url author-d-1gg9uz65z1iz85zgdz68zmqkz84zo2qowz82zpn6sz65zivrvoz65zz71zz85ziz67zz80zqz87z7z68zz72zpz79zz66zvz76zz70z505\"><a class=\"attrlink\" href=\"https:\/\/zukunft-profifussball.de\/\" target=\"_blank\" rel=\"noreferrer nofollow noopener\" data-target-href=\"https:\/\/zukunft-profifussball.de\/\">Website<\/a><\/span><span class=\" author-d-1gg9uz65z1iz85zgdz68zmqkz84zo2qowz82zpn6sz65zivrvoz65zz71zz85ziz67zz80zqz87z7z68zz72zpz79zz66zvz76zz70z505\"> nachzulesen und im eigens daf\u00fcr aufgelegten <\/span><span class=\"attrlink url author-d-1gg9uz65z1iz85zgdz68zmqkz84zo2qowz82zpn6sz65zivrvoz65zz71zz85ziz67zz80zqz87z7z68zz72zpz79zz66zvz76zz70z505\"><a class=\"attrlink\" href=\"https:\/\/zukunft-profifussball.de\/podcast\" target=\"_blank\" rel=\"noreferrer nofollow noopener\" data-target-href=\"https:\/\/zukunft-profifussball.de\/podcast\">Podcast<\/a><\/span><span class=\" author-d-1gg9uz65z1iz85zgdz68zmqkz84zo2qowz82zpn6sz65zivrvoz65zz71zz85ziz67zz80zqz87z7z68zz72zpz79zz66zvz76zz70z505\"> nachzuh\u00f6ren.\u00a0<\/span><\/div>\n<\/div><\/div><\/div><\/div><\/div><\/div><\/div><\/section><section class=\"l-section wpb_row height_small\"><div class=\"l-section-h i-cf\"><div class=\"g-cols vc_row via_flex valign_top type_default stacking_default\"><div class=\"vc_col-sm-4 wpb_column vc_column_container\"><div class=\"vc_column-inner\"><div class=\"wpb_wrapper\"><div class=\"w-image align_left\"><div class=\"w-image-h\"><img decoding=\"async\" width=\"1024\" height=\"451\" src=\"https:\/\/www.unserekurve.de\/blog\/wp-content\/uploads\/Logo-Zukunft-Profi-Fussball_3-1536x676-1-1024x451.jpeg\" class=\"attachment-large size-large\" alt=\"\" loading=\"lazy\" srcset=\"https:\/\/www.unserekurve.de\/blog\/wp-content\/uploads\/Logo-Zukunft-Profi-Fussball_3-1536x676-1-1024x451.jpeg 1024w, https:\/\/www.unserekurve.de\/blog\/wp-content\/uploads\/Logo-Zukunft-Profi-Fussball_3-1536x676-1-300x132.jpeg 300w, https:\/\/www.unserekurve.de\/blog\/wp-content\/uploads\/Logo-Zukunft-Profi-Fussball_3-1536x676-1-e1616016530588.jpeg 400w\" sizes=\"auto, (max-width: 1024px) 100vw, 1024px\" \/><\/div><\/div><\/div><\/div><\/div><div class=\"vc_col-sm-4 wpb_column vc_column_container\"><div class=\"vc_column-inner\"><div class=\"wpb_wrapper\"><div class=\"w-image align_center\"><div class=\"w-image-h\"><img decoding=\"async\" width=\"150\" height=\"150\" src=\"https:\/\/www.unserekurve.de\/blog\/wp-content\/uploads\/sde-logo.jpeg\" class=\"attachment-full size-full\" alt=\"\" loading=\"lazy\" \/><\/div><\/div><\/div><\/div><\/div><div class=\"vc_col-sm-4 wpb_column vc_column_container\"><div class=\"vc_column-inner\"><div class=\"wpb_wrapper\"><div class=\"w-image align_right\"><div class=\"w-image-h\"><img decoding=\"async\" width=\"200\" height=\"200\" src=\"https:\/\/www.unserekurve.de\/blog\/wp-content\/uploads\/unserekurve-logo_200px.png\" class=\"attachment-full size-full\" alt=\"\" loading=\"lazy\" srcset=\"https:\/\/www.unserekurve.de\/blog\/wp-content\/uploads\/unserekurve-logo_200px.png 200w, https:\/\/www.unserekurve.de\/blog\/wp-content\/uploads\/unserekurve-logo_200px-150x150.png 150w\" sizes=\"auto, (max-width: 200px) 100vw, 200px\" \/><\/div><\/div><\/div><\/div><\/div><\/div><\/div><\/section>\n","protected":false},"excerpt":{"rendered":"Das Jahr 2020 stand ganz im Zeichen dringend notwendiger Reformen im Fu\u00dfball. Durch die Corona-Pandemie wurden die Schwachstellen im deutschen Profifu\u00dfball so schonungslos offengelegt wie noch nie. Vielen Fans war klar: Ein \u2018Weiter so!\u2019 darf es nicht geben. 13 Vereinen der 1. und 2. Liga drohte aufgrund der Spielunterbrechung im Fr\u00fchjahr die Insolvenz. Wirtschaftliche Nachhaltigkeit?...","protected":false},"author":8,"featured_media":1458,"parent":0,"menu_order":12,"comment_status":"closed","ping_status":"closed","template":"","meta":{"_acf_changed":false,"footnotes":""},"class_list":["post-1425","page","type-page","status-publish","has-post-thumbnail","hentry"],"acf":[],"yoast_head":"<!-- This site is optimized with the Yoast SEO plugin v27.5 - https:\/\/yoast.com\/product\/yoast-seo-wordpress\/ -->\n<title>Zukunft Profifu\u00dfball &#8226; Unsere Kurve<\/title>\n<meta name=\"robots\" content=\"index, follow, max-snippet:-1, max-image-preview:large, max-video-preview:-1\" \/>\n<link rel=\"canonical\" href=\"https:\/\/www.unserekurve.de\/blog\/zukunft-profifussball\/\" \/>\n<meta property=\"og:locale\" content=\"de_DE\" \/>\n<meta property=\"og:type\" content=\"article\" \/>\n<meta property=\"og:title\" content=\"Zukunft Profifu\u00dfball &#8226; Unsere Kurve\" \/>\n<meta property=\"og:url\" content=\"https:\/\/www.unserekurve.de\/blog\/zukunft-profifussball\/\" \/>\n<meta property=\"og:site_name\" content=\"Unsere Kurve\" \/>\n<meta property=\"article:modified_time\" content=\"2021-03-18T21:17:01+00:00\" \/>\n<meta property=\"og:image\" content=\"https:\/\/www.unserekurve.de\/blog\/wp-content\/uploads\/Header_zpk.png\" \/>\n\t<meta property=\"og:image:width\" content=\"1200\" \/>\n\t<meta property=\"og:image:height\" content=\"400\" \/>\n\t<meta property=\"og:image:type\" content=\"image\/png\" \/>\n<meta name=\"twitter:label1\" content=\"Gesch\u00e4tzte Lesezeit\" \/>\n\t<meta name=\"twitter:data1\" content=\"2\u00a0Minuten\" \/>\n<script type=\"application\/ld+json\" class=\"yoast-schema-graph\">{\"@context\":\"https:\\\/\\\/schema.org\",\"@graph\":[{\"@type\":\"WebPage\",\"@id\":\"https:\\\/\\\/www.unserekurve.de\\\/blog\\\/zukunft-profifussball\\\/\",\"url\":\"https:\\\/\\\/www.unserekurve.de\\\/blog\\\/zukunft-profifussball\\\/\",\"name\":\"Zukunft Profifu\u00dfball &#8226; Unsere Kurve\",\"isPartOf\":{\"@id\":\"https:\\\/\\\/www.unserekurve.de\\\/blog\\\/#website\"},\"primaryImageOfPage\":{\"@id\":\"https:\\\/\\\/www.unserekurve.de\\\/blog\\\/zukunft-profifussball\\\/#primaryimage\"},\"image\":{\"@id\":\"https:\\\/\\\/www.unserekurve.de\\\/blog\\\/zukunft-profifussball\\\/#primaryimage\"},\"thumbnailUrl\":\"https:\\\/\\\/www.unserekurve.de\\\/blog\\\/wp-content\\\/uploads\\\/Header_zpk.png\",\"datePublished\":\"2021-03-17T21:39:49+00:00\",\"dateModified\":\"2021-03-18T21:17:01+00:00\",\"breadcrumb\":{\"@id\":\"https:\\\/\\\/www.unserekurve.de\\\/blog\\\/zukunft-profifussball\\\/#breadcrumb\"},\"inLanguage\":\"de\",\"potentialAction\":[{\"@type\":\"ReadAction\",\"target\":[\"https:\\\/\\\/www.unserekurve.de\\\/blog\\\/zukunft-profifussball\\\/\"]}]},{\"@type\":\"ImageObject\",\"inLanguage\":\"de\",\"@id\":\"https:\\\/\\\/www.unserekurve.de\\\/blog\\\/zukunft-profifussball\\\/#primaryimage\",\"url\":\"https:\\\/\\\/www.unserekurve.de\\\/blog\\\/wp-content\\\/uploads\\\/Header_zpk.png\",\"contentUrl\":\"https:\\\/\\\/www.unserekurve.de\\\/blog\\\/wp-content\\\/uploads\\\/Header_zpk.png\",\"width\":1200,\"height\":400},{\"@type\":\"BreadcrumbList\",\"@id\":\"https:\\\/\\\/www.unserekurve.de\\\/blog\\\/zukunft-profifussball\\\/#breadcrumb\",\"itemListElement\":[{\"@type\":\"ListItem\",\"position\":1,\"name\":\"Startseite\",\"item\":\"https:\\\/\\\/www.unserekurve.de\\\/blog\\\/\"},{\"@type\":\"ListItem\",\"position\":2,\"name\":\"Zukunft Profifu\u00dfball\"}]},{\"@type\":\"WebSite\",\"@id\":\"https:\\\/\\\/www.unserekurve.de\\\/blog\\\/#website\",\"url\":\"https:\\\/\\\/www.unserekurve.de\\\/blog\\\/\",\"name\":\"Unsere Kurve\",\"description\":\"\",\"potentialAction\":[{\"@type\":\"SearchAction\",\"target\":{\"@type\":\"EntryPoint\",\"urlTemplate\":\"https:\\\/\\\/www.unserekurve.de\\\/blog\\\/?s={search_term_string}\"},\"query-input\":{\"@type\":\"PropertyValueSpecification\",\"valueRequired\":true,\"valueName\":\"search_term_string\"}}],\"inLanguage\":\"de\"}]}<\/script>\n<!-- \/ Yoast SEO plugin. -->","yoast_head_json":{"title":"Zukunft Profifu\u00dfball &#8226; Unsere Kurve","robots":{"index":"index","follow":"follow","max-snippet":"max-snippet:-1","max-image-preview":"max-image-preview:large","max-video-preview":"max-video-preview:-1"},"canonical":"https:\/\/www.unserekurve.de\/blog\/zukunft-profifussball\/","og_locale":"de_DE","og_type":"article","og_title":"Zukunft Profifu\u00dfball &#8226; Unsere Kurve","og_url":"https:\/\/www.unserekurve.de\/blog\/zukunft-profifussball\/","og_site_name":"Unsere Kurve","article_modified_time":"2021-03-18T21:17:01+00:00","og_image":[{"width":1200,"height":400,"url":"https:\/\/www.unserekurve.de\/blog\/wp-content\/uploads\/Header_zpk.png","type":"image\/png"}],"twitter_misc":{"Gesch\u00e4tzte Lesezeit":"2\u00a0Minuten"},"schema":{"@context":"https:\/\/schema.org","@graph":[{"@type":"WebPage","@id":"https:\/\/www.unserekurve.de\/blog\/zukunft-profifussball\/","url":"https:\/\/www.unserekurve.de\/blog\/zukunft-profifussball\/","name":"Zukunft Profifu\u00dfball &#8226; Unsere Kurve","isPartOf":{"@id":"https:\/\/www.unserekurve.de\/blog\/#website"},"primaryImageOfPage":{"@id":"https:\/\/www.unserekurve.de\/blog\/zukunft-profifussball\/#primaryimage"},"image":{"@id":"https:\/\/www.unserekurve.de\/blog\/zukunft-profifussball\/#primaryimage"},"thumbnailUrl":"https:\/\/www.unserekurve.de\/blog\/wp-content\/uploads\/Header_zpk.png","datePublished":"2021-03-17T21:39:49+00:00","dateModified":"2021-03-18T21:17:01+00:00","breadcrumb":{"@id":"https:\/\/www.unserekurve.de\/blog\/zukunft-profifussball\/#breadcrumb"},"inLanguage":"de","potentialAction":[{"@type":"ReadAction","target":["https:\/\/www.unserekurve.de\/blog\/zukunft-profifussball\/"]}]},{"@type":"ImageObject","inLanguage":"de","@id":"https:\/\/www.unserekurve.de\/blog\/zukunft-profifussball\/#primaryimage","url":"https:\/\/www.unserekurve.de\/blog\/wp-content\/uploads\/Header_zpk.png","contentUrl":"https:\/\/www.unserekurve.de\/blog\/wp-content\/uploads\/Header_zpk.png","width":1200,"height":400},{"@type":"BreadcrumbList","@id":"https:\/\/www.unserekurve.de\/blog\/zukunft-profifussball\/#breadcrumb","itemListElement":[{"@type":"ListItem","position":1,"name":"Startseite","item":"https:\/\/www.unserekurve.de\/blog\/"},{"@type":"ListItem","position":2,"name":"Zukunft Profifu\u00dfball"}]},{"@type":"WebSite","@id":"https:\/\/www.unserekurve.de\/blog\/#website","url":"https:\/\/www.unserekurve.de\/blog\/","name":"Unsere Kurve","description":"","potentialAction":[{"@type":"SearchAction","target":{"@type":"EntryPoint","urlTemplate":"https:\/\/www.unserekurve.de\/blog\/?s={search_term_string}"},"query-input":{"@type":"PropertyValueSpecification","valueRequired":true,"valueName":"search_term_string"}}],"inLanguage":"de"}]}},"jetpack_sharing_enabled":true,"_links":{"self":[{"href":"https:\/\/www.unserekurve.de\/blog\/wp-json\/wp\/v2\/pages\/1425","targetHints":{"allow":["GET"]}}],"collection":[{"href":"https:\/\/www.unserekurve.de\/blog\/wp-json\/wp\/v2\/pages"}],"about":[{"href":"https:\/\/www.unserekurve.de\/blog\/wp-json\/wp\/v2\/types\/page"}],"author":[{"embeddable":true,"href":"https:\/\/www.unserekurve.de\/blog\/wp-json\/wp\/v2\/users\/8"}],"replies":[{"embeddable":true,"href":"https:\/\/www.unserekurve.de\/blog\/wp-json\/wp\/v2\/comments?post=1425"}],"version-history":[{"count":11,"href":"https:\/\/www.unserekurve.de\/blog\/wp-json\/wp\/v2\/pages\/1425\/revisions"}],"predecessor-version":[{"id":1433,"href":"https:\/\/www.unserekurve.de\/blog\/wp-json\/wp\/v2\/pages\/1425\/revisions\/1433"}],"wp:featuredmedia":[{"embeddable":true,"href":"https:\/\/www.unserekurve.de\/blog\/wp-json\/wp\/v2\/media\/1458"}],"wp:attachment":[{"href":"https:\/\/www.unserekurve.de\/blog\/wp-json\/wp\/v2\/media?parent=1425"}],"curies":[{"name":"wp","href":"https:\/\/api.w.org\/{rel}","templated":true}]}}