{"id":126,"date":"2014-02-23T23:47:41","date_gmt":"2014-02-23T22:47:41","guid":{"rendered":"http:\/\/www.unsere-kurve.de\/blog\/?page_id=126"},"modified":"2021-02-17T16:24:10","modified_gmt":"2021-02-17T15:24:10","slug":"links","status":"publish","type":"page","link":"https:\/\/www.unserekurve.de\/blog\/links\/","title":{"rendered":"Links"},"content":{"rendered":"<p>Wir erheben nicht den Anspruch auf Vollst\u00e4ndigkeit dieser Auflistung und sind nicht f\u00fcr die Inhalte externer Internetseiten verantwortlich.<\/p>\n<p>\u00dcberregionale Fan-Organisationen in Deutschland<br \/>\n<a title=\"B.A.F.F.\" href=\"http:\/\/www.aktive-fans.de\" target=\"_blank\" rel=\"noopener noreferrer\">B.A.F.F.<\/a><br \/>\n<a href=\"http:\/\/www.bbag-online.de\/\" target=\"_blank\" rel=\"noopener\"><span class=\" author-d-1gg9uz65z1iz85zgdz68zmqkz84zo2qowz82zpn6sz65zivrvoz65zz71zz85ziz67zz80zqz87z7z68zz72zpz79zz66zvz76zz70z505\">BundesBehindertenfan-Arbeitsgemeinschaft e.V.: BBAG<\/span><\/a><br \/>\n<a href=\"https:\/\/www.fcplayfair.org\/\" target=\"_blank\" rel=\"noopener\"><span class=\" author-d-1gg9uz65z1iz85zgdz68zmqkz84zo2qowz82zpn6sz65zivrvoz65zz71zz85ziz67zz80zqz87z7z68zz72zpz79zz66zvz76zz70z505\">FC PlayFair! <\/span><\/a><br \/>\n<a href=\"https:\/\/www.f-in.org\/\" target=\"_blank\" rel=\"noopener\"><span class=\" author-d-1gg9uz65z1iz85zgdz68zmqkz84zo2qowz82zpn6sz65zivrvoz65zz71zz85ziz67zz80zqz87z7z68zz72zpz79zz66zvz76zz70z505\">F_in &#8211; Netzwerk Frauen im Fu\u00dfball<\/span><\/a><br \/>\n<a title=\"ProFans\" href=\"http:\/\/www.pro-fans.de\" target=\"_blank\" rel=\"noopener noreferrer\">ProFans<\/a><br \/>\n<a href=\"http:\/\/queerfootballfanclubs.org\/\" target=\"_blank\" rel=\"noopener\"><span class=\" author-d-1gg9uz65z1iz85zgdz68zmqkz84zo2qowz82zpn6sz65zivrvoz65zz71zz85ziz67zz80zqz87z7z68zz72zpz79zz66zvz76zz70z505\">Queer Football Fanclubs: QFF<\/span><\/a><\/p>\n<p>Europ\u00e4ische Fan-Organisationen<br \/>\n<a title=\"Football Supporters Europe (FSE)\" href=\"http:\/\/www.footballsupporterseurope.org\" target=\"_blank\" rel=\"noopener noreferrer\">Football Supporters Europe (FSE)<\/a><br \/>\n<a href=\"https:\/\/www.sdeurope.eu\" target=\"_blank\" rel=\"noopener\">Supporters Direct Europe (SDE)<\/a><\/p>\n<p>Reformen im Fu\u00dfball<br \/>\n<a title=\"Football Supporters Europe (FSE)\" href=\"https:\/\/unserfussball.jetzt\" target=\"_blank\" rel=\"noopener noreferrer\">Initiative Unser Fu\u00dfball<\/a><br \/>\n<a href=\"https:\/\/www.zukunft-profifussball.de\" target=\"_blank\" rel=\"noopener\">Initiative Zukunft Profifu\u00dfball<\/a><\/p>\n<p>Fanrechte<br \/>\n<a href=\"https:\/\/www.fananwaelte.de\" target=\"_blank\" rel=\"noopener\">Arbeitsgemeinschaft Fananw\u00e4lte<\/a><br \/>\n<a href=\"https:\/\/fanrechtefonds.de\/blog\/\" target=\"_blank\" rel=\"noopener\">Fanrechtefonds<\/a><\/p>\n<p>Antidiskriminierung und Inklusion<br \/>\n<a href=\"https:\/\/gesellschaftsspiele.berlin\/\" target=\"_blank\" rel=\"noopener\">Gesellschaftsspiele e.V.<\/a><br \/>\n<a href=\"https:\/\/inklusion-fussball.de\/\" target=\"_blank\" rel=\"noopener\">KickIn!<\/a><br \/>\n<a href=\"http:\/\/www.fussball-gegen-sexismus.de\/\" target=\"_blank\" rel=\"noopener\"><span class=\" author-d-1gg9uz65z1iz85zgdz68zmqkz84zo2qowz82zpn6sz65zivrvoz65zz71zz85ziz67zz80zqz87z7z68zz72zpz79zz66zvz76zz70z505\">Netzwerk gegen Sexismus und sexualisierte Gewalt<\/span><\/a><br \/>\n<a href=\"https:\/\/www.niewieder.info\/\" target=\"_blank\" rel=\"noopener\"><span class=\" author-d-1gg9uz65z1iz85zgdz68zmqkz84zo2qowz82zpn6sz65zivrvoz65zz71zz85ziz67zz80zqz87z7z68zz72zpz79zz66zvz76zz70z505\">Nie wieder! Erinnerungstag im deutschen Fu\u00dfball<\/span><\/a><\/p>\n<p>Soziale Arbeit im Fu\u00dfball<br \/>\n<span class=\"attrlink url author-d-1gg9uz65z1iz85zgdz68zmqkz84zo2qowz82zpn6sz65zivrvoz65zz71zz85ziz67zz80zqz87z7z68zz72zpz79zz66zvz76zz70z505\"><a class=\"attrlink\" href=\"http:\/\/www.bag-fanprojekte.de\/\" target=\"_blank\" rel=\"noreferrer nofollow noopener\" data-target-href=\"http:\/\/www.bag-fanprojekte.de\/\">Bundesarbeitsgemeinschaft der Fanprojekte<\/a><br \/>\n<\/span><span class=\"attrlink url author-d-1gg9uz65z1iz85zgdz68zmqkz84zo2qowz82zpn6sz65zivrvoz65zz71zz85ziz67zz80zqz87z7z68zz72zpz79zz66zvz76zz70z505\"><a class=\"attrlink\" href=\"http:\/\/www.kos-fanprojekte.de\/\" target=\"_blank\" rel=\"noreferrer nofollow noopener\" data-target-href=\"http:\/\/www.kos-fanprojekte.de\/\">Koordinationsstelle Fanprojekte<\/a><\/span> <span class=\"attrlink url author-d-1gg9uz65z1iz85zgdz68zmqkz84zo2qowz82zpn6sz65zivrvoz65zz71zz85ziz67zz80zqz87z7z68zz72zpz79zz66zvz76zz70z505 h-lparen\"><a class=\"attrlink\" href=\"http:\/\/www.kos-fanprojekte.de\/\" target=\"_blank\" rel=\"noreferrer nofollow noopener\" data-target-href=\"http:\/\/www.kos-fanprojekte.de\/\">(KOS)<\/a><br \/>\n<\/span><\/p>\n<p>Fu\u00dfballverb\u00e4nde<br \/>\n<a href=\"https:\/\/www.dfb.de\" target=\"_blank\" rel=\"noopener\">Deutscher Fu\u00dfball Bund<\/a><br \/>\n<a href=\"https:\/\/www.dfl.de\" target=\"_blank\" rel=\"noopener\">Deutsche Fu\u00dfball Liga GmbH<\/a><br \/>\n<a href=\"https:\/\/www.uefa.com\" target=\"_blank\" rel=\"noopener\">UEFA<\/a><br \/>\n<a href=\"https:\/\/www.fifa.com\" target=\"_blank\" rel=\"noopener\">FIFA<\/a><\/p>\n<p><span class=\" author-d-1gg9uz65z1iz85zgdz68zmqkz84zo2qowz82zpn6sz65zivrvoz65zz71zz85ziz67zz80zqz87z7z68zz72zpz79zz66zvz76zz70z505\">Haben wir eine wichtige Verlinkung vergessen? Wir freuen uns \u00fcber <a href=\"mailto:info@unserekurve.de\">Hinweise!<\/a><\/span><\/p>\n","protected":false},"excerpt":{"rendered":"<p>Wir erheben nicht den Anspruch auf Vollst\u00e4ndigkeit dieser Auflistung und sind nicht f\u00fcr die Inhalte externer Internetseiten verantwortlich. \u00dcberregionale Fan-Organisationen in Deutschland B.A.F.F. BundesBehindertenfan-Arbeitsgemeinschaft e.V.: BBAG FC PlayFair! F_in &#8211; Netzwerk Frauen im Fu\u00dfball ProFans Queer Football Fanclubs: QFF Europ\u00e4ische Fan-Organisationen Football Supporters Europe (FSE) Supporters Direct Europe (SDE) Reformen im Fu\u00dfball Initiative Unser Fu\u00dfball&#8230;<\/p>\n","protected":false},"author":4,"featured_media":1179,"parent":0,"menu_order":20,"comment_status":"closed","ping_status":"closed","template":"","meta":{"_acf_changed":false,"footnotes":""},"class_list":["post-126","page","type-page","status-publish","has-post-thumbnail","hentry"],"acf":[],"yoast_head":"<!-- This site is optimized with the Yoast SEO plugin v27.5 - https:\/\/yoast.com\/product\/yoast-seo-wordpress\/ -->\n<title>Links &#8226; Unsere Kurve<\/title>\n<meta name=\"robots\" content=\"index, follow, max-snippet:-1, max-image-preview:large, max-video-preview:-1\" \/>\n<link rel=\"canonical\" href=\"https:\/\/www.unserekurve.de\/blog\/links\/\" \/>\n<meta property=\"og:locale\" content=\"de_DE\" \/>\n<meta property=\"og:type\" content=\"article\" \/>\n<meta property=\"og:title\" content=\"Links &#8226; Unsere Kurve\" \/>\n<meta property=\"og:description\" content=\"Wir erheben nicht den Anspruch auf Vollst\u00e4ndigkeit dieser Auflistung und sind nicht f\u00fcr die Inhalte externer Internetseiten verantwortlich. \u00dcberregionale Fan-Organisationen in Deutschland B.A.F.F. BundesBehindertenfan-Arbeitsgemeinschaft e.V.: BBAG FC PlayFair! F_in &#8211; Netzwerk Frauen im Fu\u00dfball ProFans Queer Football Fanclubs: QFF Europ\u00e4ische Fan-Organisationen Football Supporters Europe (FSE) Supporters Direct Europe (SDE) Reformen im Fu\u00dfball Initiative Unser Fu\u00dfball...\" \/>\n<meta property=\"og:url\" content=\"https:\/\/www.unserekurve.de\/blog\/links\/\" \/>\n<meta property=\"og:site_name\" content=\"Unsere Kurve\" \/>\n<meta property=\"article:modified_time\" content=\"2021-02-17T15:24:10+00:00\" \/>\n<meta property=\"og:image\" content=\"https:\/\/www.unserekurve.de\/blog\/wp-content\/uploads\/UK-Seiten-Headerbild-Links.png\" \/>\n\t<meta property=\"og:image:width\" content=\"1200\" \/>\n\t<meta property=\"og:image:height\" content=\"400\" \/>\n\t<meta property=\"og:image:type\" content=\"image\/png\" \/>\n<meta name=\"twitter:label1\" content=\"Gesch\u00e4tzte Lesezeit\" \/>\n\t<meta name=\"twitter:data1\" content=\"1\u00a0Minute\" \/>\n<script type=\"application\/ld+json\" class=\"yoast-schema-graph\">{\"@context\":\"https:\\\/\\\/schema.org\",\"@graph\":[{\"@type\":\"WebPage\",\"@id\":\"https:\\\/\\\/www.unserekurve.de\\\/blog\\\/links\\\/\",\"url\":\"https:\\\/\\\/www.unserekurve.de\\\/blog\\\/links\\\/\",\"name\":\"Links &#8226; Unsere Kurve\",\"isPartOf\":{\"@id\":\"https:\\\/\\\/www.unserekurve.de\\\/blog\\\/#website\"},\"primaryImageOfPage\":{\"@id\":\"https:\\\/\\\/www.unserekurve.de\\\/blog\\\/links\\\/#primaryimage\"},\"image\":{\"@id\":\"https:\\\/\\\/www.unserekurve.de\\\/blog\\\/links\\\/#primaryimage\"},\"thumbnailUrl\":\"https:\\\/\\\/www.unserekurve.de\\\/blog\\\/wp-content\\\/uploads\\\/UK-Seiten-Headerbild-Links.png\",\"datePublished\":\"2014-02-23T22:47:41+00:00\",\"dateModified\":\"2021-02-17T15:24:10+00:00\",\"breadcrumb\":{\"@id\":\"https:\\\/\\\/www.unserekurve.de\\\/blog\\\/links\\\/#breadcrumb\"},\"inLanguage\":\"de\",\"potentialAction\":[{\"@type\":\"ReadAction\",\"target\":[\"https:\\\/\\\/www.unserekurve.de\\\/blog\\\/links\\\/\"]}]},{\"@type\":\"ImageObject\",\"inLanguage\":\"de\",\"@id\":\"https:\\\/\\\/www.unserekurve.de\\\/blog\\\/links\\\/#primaryimage\",\"url\":\"https:\\\/\\\/www.unserekurve.de\\\/blog\\\/wp-content\\\/uploads\\\/UK-Seiten-Headerbild-Links.png\",\"contentUrl\":\"https:\\\/\\\/www.unserekurve.de\\\/blog\\\/wp-content\\\/uploads\\\/UK-Seiten-Headerbild-Links.png\",\"width\":1200,\"height\":400},{\"@type\":\"BreadcrumbList\",\"@id\":\"https:\\\/\\\/www.unserekurve.de\\\/blog\\\/links\\\/#breadcrumb\",\"itemListElement\":[{\"@type\":\"ListItem\",\"position\":1,\"name\":\"Startseite\",\"item\":\"https:\\\/\\\/www.unserekurve.de\\\/blog\\\/\"},{\"@type\":\"ListItem\",\"position\":2,\"name\":\"Links\"}]},{\"@type\":\"WebSite\",\"@id\":\"https:\\\/\\\/www.unserekurve.de\\\/blog\\\/#website\",\"url\":\"https:\\\/\\\/www.unserekurve.de\\\/blog\\\/\",\"name\":\"Unsere Kurve\",\"description\":\"\",\"potentialAction\":[{\"@type\":\"SearchAction\",\"target\":{\"@type\":\"EntryPoint\",\"urlTemplate\":\"https:\\\/\\\/www.unserekurve.de\\\/blog\\\/?s={search_term_string}\"},\"query-input\":{\"@type\":\"PropertyValueSpecification\",\"valueRequired\":true,\"valueName\":\"search_term_string\"}}],\"inLanguage\":\"de\"}]}<\/script>\n<!-- \/ Yoast SEO plugin. -->","yoast_head_json":{"title":"Links &#8226; Unsere Kurve","robots":{"index":"index","follow":"follow","max-snippet":"max-snippet:-1","max-image-preview":"max-image-preview:large","max-video-preview":"max-video-preview:-1"},"canonical":"https:\/\/www.unserekurve.de\/blog\/links\/","og_locale":"de_DE","og_type":"article","og_title":"Links &#8226; Unsere Kurve","og_description":"Wir erheben nicht den Anspruch auf Vollst\u00e4ndigkeit dieser Auflistung und sind nicht f\u00fcr die Inhalte externer Internetseiten verantwortlich. \u00dcberregionale Fan-Organisationen in Deutschland B.A.F.F. BundesBehindertenfan-Arbeitsgemeinschaft e.V.: BBAG FC PlayFair! F_in &#8211; Netzwerk Frauen im Fu\u00dfball ProFans Queer Football Fanclubs: QFF Europ\u00e4ische Fan-Organisationen Football Supporters Europe (FSE) Supporters Direct Europe (SDE) Reformen im Fu\u00dfball Initiative Unser Fu\u00dfball...","og_url":"https:\/\/www.unserekurve.de\/blog\/links\/","og_site_name":"Unsere Kurve","article_modified_time":"2021-02-17T15:24:10+00:00","og_image":[{"width":1200,"height":400,"url":"https:\/\/www.unserekurve.de\/blog\/wp-content\/uploads\/UK-Seiten-Headerbild-Links.png","type":"image\/png"}],"twitter_misc":{"Gesch\u00e4tzte Lesezeit":"1\u00a0Minute"},"schema":{"@context":"https:\/\/schema.org","@graph":[{"@type":"WebPage","@id":"https:\/\/www.unserekurve.de\/blog\/links\/","url":"https:\/\/www.unserekurve.de\/blog\/links\/","name":"Links &#8226; Unsere Kurve","isPartOf":{"@id":"https:\/\/www.unserekurve.de\/blog\/#website"},"primaryImageOfPage":{"@id":"https:\/\/www.unserekurve.de\/blog\/links\/#primaryimage"},"image":{"@id":"https:\/\/www.unserekurve.de\/blog\/links\/#primaryimage"},"thumbnailUrl":"https:\/\/www.unserekurve.de\/blog\/wp-content\/uploads\/UK-Seiten-Headerbild-Links.png","datePublished":"2014-02-23T22:47:41+00:00","dateModified":"2021-02-17T15:24:10+00:00","breadcrumb":{"@id":"https:\/\/www.unserekurve.de\/blog\/links\/#breadcrumb"},"inLanguage":"de","potentialAction":[{"@type":"ReadAction","target":["https:\/\/www.unserekurve.de\/blog\/links\/"]}]},{"@type":"ImageObject","inLanguage":"de","@id":"https:\/\/www.unserekurve.de\/blog\/links\/#primaryimage","url":"https:\/\/www.unserekurve.de\/blog\/wp-content\/uploads\/UK-Seiten-Headerbild-Links.png","contentUrl":"https:\/\/www.unserekurve.de\/blog\/wp-content\/uploads\/UK-Seiten-Headerbild-Links.png","width":1200,"height":400},{"@type":"BreadcrumbList","@id":"https:\/\/www.unserekurve.de\/blog\/links\/#breadcrumb","itemListElement":[{"@type":"ListItem","position":1,"name":"Startseite","item":"https:\/\/www.unserekurve.de\/blog\/"},{"@type":"ListItem","position":2,"name":"Links"}]},{"@type":"WebSite","@id":"https:\/\/www.unserekurve.de\/blog\/#website","url":"https:\/\/www.unserekurve.de\/blog\/","name":"Unsere Kurve","description":"","potentialAction":[{"@type":"SearchAction","target":{"@type":"EntryPoint","urlTemplate":"https:\/\/www.unserekurve.de\/blog\/?s={search_term_string}"},"query-input":{"@type":"PropertyValueSpecification","valueRequired":true,"valueName":"search_term_string"}}],"inLanguage":"de"}]}},"jetpack_sharing_enabled":true,"_links":{"self":[{"href":"https:\/\/www.unserekurve.de\/blog\/wp-json\/wp\/v2\/pages\/126","targetHints":{"allow":["GET"]}}],"collection":[{"href":"https:\/\/www.unserekurve.de\/blog\/wp-json\/wp\/v2\/pages"}],"about":[{"href":"https:\/\/www.unserekurve.de\/blog\/wp-json\/wp\/v2\/types\/page"}],"author":[{"embeddable":true,"href":"https:\/\/www.unserekurve.de\/blog\/wp-json\/wp\/v2\/users\/4"}],"replies":[{"embeddable":true,"href":"https:\/\/www.unserekurve.de\/blog\/wp-json\/wp\/v2\/comments?post=126"}],"version-history":[{"count":13,"href":"https:\/\/www.unserekurve.de\/blog\/wp-json\/wp\/v2\/pages\/126\/revisions"}],"predecessor-version":[{"id":1381,"href":"https:\/\/www.unserekurve.de\/blog\/wp-json\/wp\/v2\/pages\/126\/revisions\/1381"}],"wp:featuredmedia":[{"embeddable":true,"href":"https:\/\/www.unserekurve.de\/blog\/wp-json\/wp\/v2\/media\/1179"}],"wp:attachment":[{"href":"https:\/\/www.unserekurve.de\/blog\/wp-json\/wp\/v2\/media?parent=126"}],"curies":[{"name":"wp","href":"https:\/\/api.w.org\/{rel}","templated":true}]}}